{"id":2483,"date":"2020-08-30T01:00:39","date_gmt":"2020-08-30T04:00:39","guid":{"rendered":"https:\/\/institutonawa.org\/?post_type=product&#038;p=2483"},"modified":"2020-09-17T17:21:49","modified_gmt":"2020-09-17T20:21:49","slug":"nome-do-produto-5","status":"publish","type":"product","link":"https:\/\/institutonawa.org\/pt_br\/produto\/nome-do-produto-5\/","title":{"rendered":"JIBOIA (FINE ART)"},"content":{"rendered":"<p>\u2800\u2800<\/p>\n","protected":false},"excerpt":{"rendered":"<p>As serpentes fazem parte dos grandes mist\u00e9rios deste planeta: s\u00e3o consideradas sagrados por diferentes culturas de diferentes \u00e9pocas, em todos os cantos da Terra.<\/p>\n<p>Yube, a Jiboia, \u00e9 um ser encantado para a tradi\u00e7\u00e3o de curas dos povos ind\u00edgenas, j\u00e1 que ela \u00e9 a dona das medicinas!<\/p>\n<p>HAUX HAUX!<\/p>\n<p><strong>INFORMA\u00c7\u00d5ES SOBRE O PAPEL\/IMPRESS\u00c3O<\/strong><\/p>\n<p>Todas as ilustra\u00e7\u00f5es desta s\u00e9rie ser\u00e3o oferecidas nesse papel da foto, o &#8220;William Turner&#8221; da Hahnem\u00fchle, que \u00e9 um papel profissional de alt\u00edssima qualidade &#8211; 100% algod\u00e3o, 300g\/m\u00b2, branco mate, bem texturizado e feito no molde!<\/p>\n","protected":false},"featured_media":3517,"template":"","meta":[],"product_brand":[],"product_cat":[31],"product_tag":[32],"class_list":{"0":"post-2483","1":"product","2":"type-product","3":"status-publish","4":"has-post-thumbnail","6":"product_cat-fine-art","7":"product_tag-jiboia","9":"first","10":"outofstock","11":"shipping-taxable","12":"purchasable","13":"product-type-simple"},"jetpack_sharing_enabled":true,"_links":{"self":[{"href":"https:\/\/institutonawa.org\/pt_br\/wp-json\/wp\/v2\/product\/2483","targetHints":{"allow":["GET"]}}],"collection":[{"href":"https:\/\/institutonawa.org\/pt_br\/wp-json\/wp\/v2\/product"}],"about":[{"href":"https:\/\/institutonawa.org\/pt_br\/wp-json\/wp\/v2\/types\/product"}],"version-history":[{"count":12,"href":"https:\/\/institutonawa.org\/pt_br\/wp-json\/wp\/v2\/product\/2483\/revisions"}],"predecessor-version":[{"id":3401,"href":"https:\/\/institutonawa.org\/pt_br\/wp-json\/wp\/v2\/product\/2483\/revisions\/3401"}],"wp:featuredmedia":[{"embeddable":true,"href":"https:\/\/institutonawa.org\/pt_br\/wp-json\/wp\/v2\/media\/3517"}],"wp:attachment":[{"href":"https:\/\/institutonawa.org\/pt_br\/wp-json\/wp\/v2\/media?parent=2483"}],"wp:term":[{"taxonomy":"product_brand","embeddable":true,"href":"https:\/\/institutonawa.org\/pt_br\/wp-json\/wp\/v2\/product_brand?post=2483"},{"taxonomy":"product_cat","embeddable":true,"href":"https:\/\/institutonawa.org\/pt_br\/wp-json\/wp\/v2\/product_cat?post=2483"},{"taxonomy":"product_tag","embeddable":true,"href":"https:\/\/institutonawa.org\/pt_br\/wp-json\/wp\/v2\/product_tag?post=2483"}],"curies":[{"name":"wp","href":"https:\/\/api.w.org\/{rel}","templated":true}]}}