{"id":2482,"date":"2020-08-30T03:00:04","date_gmt":"2020-08-30T06:00:04","guid":{"rendered":"https:\/\/institutonawa.org\/?post_type=product&#038;p=2482"},"modified":"2020-09-16T22:40:48","modified_gmt":"2020-09-17T01:40:48","slug":"nome-do-produto-4","status":"publish","type":"product","link":"https:\/\/institutonawa.org\/pt_br\/produto\/nome-do-produto-4\/","title":{"rendered":"ON\u00c7A PINTADA (FINE ART)"},"content":{"rendered":"","protected":false},"excerpt":{"rendered":"<p>Inu, a On\u00e7a Pintada, \u00e9 mais um dos seres encantados e sagrados n\u00e3o s\u00f3 para os povos origin\u00e1rios da Amaz\u00f4nia, mas tamb\u00e9m para as principais culturas pr\u00e9-colombianas, como os Aztecas, Mayas e os Chavin &#8211; um dos povos que deram origem a civiliza\u00e7\u00e3o Inca, que cultuavam os jaguares e outros seres felinos como verdadeiros guardi\u00f5es dos mist\u00e9rios da vida e do p\u00f3s-vida.\u2800<\/p>\n<p><strong>INFORMA\u00c7\u00d5ES SOBRE O PAPEL\/IMPRESS\u00c3O<\/strong><\/p>\n<p>Todas as ilustra\u00e7\u00f5es desta s\u00e9rie ser\u00e3o oferecidas nesse papel da foto, o &#8220;William Turner&#8221; da Hahnem\u00fchle, que \u00e9 um papel profissional de alt\u00edssima qualidade &#8211; 100% algod\u00e3o, 300g\/m\u00b2, branco mate, bem texturizado e feito no molde!<\/p>\n","protected":false},"featured_media":3518,"template":"","meta":[],"product_brand":[],"product_cat":[31],"product_tag":[35],"class_list":{"0":"post-2482","1":"product","2":"type-product","3":"status-publish","4":"has-post-thumbnail","6":"product_cat-fine-art","7":"product_tag-onca-pintada","9":"first","10":"outofstock","11":"shipping-taxable","12":"purchasable","13":"product-type-simple"},"jetpack_sharing_enabled":true,"_links":{"self":[{"href":"https:\/\/institutonawa.org\/pt_br\/wp-json\/wp\/v2\/product\/2482","targetHints":{"allow":["GET"]}}],"collection":[{"href":"https:\/\/institutonawa.org\/pt_br\/wp-json\/wp\/v2\/product"}],"about":[{"href":"https:\/\/institutonawa.org\/pt_br\/wp-json\/wp\/v2\/types\/product"}],"version-history":[{"count":7,"href":"https:\/\/institutonawa.org\/pt_br\/wp-json\/wp\/v2\/product\/2482\/revisions"}],"predecessor-version":[{"id":3406,"href":"https:\/\/institutonawa.org\/pt_br\/wp-json\/wp\/v2\/product\/2482\/revisions\/3406"}],"wp:featuredmedia":[{"embeddable":true,"href":"https:\/\/institutonawa.org\/pt_br\/wp-json\/wp\/v2\/media\/3518"}],"wp:attachment":[{"href":"https:\/\/institutonawa.org\/pt_br\/wp-json\/wp\/v2\/media?parent=2482"}],"wp:term":[{"taxonomy":"product_brand","embeddable":true,"href":"https:\/\/institutonawa.org\/pt_br\/wp-json\/wp\/v2\/product_brand?post=2482"},{"taxonomy":"product_cat","embeddable":true,"href":"https:\/\/institutonawa.org\/pt_br\/wp-json\/wp\/v2\/product_cat?post=2482"},{"taxonomy":"product_tag","embeddable":true,"href":"https:\/\/institutonawa.org\/pt_br\/wp-json\/wp\/v2\/product_tag?post=2482"}],"curies":[{"name":"wp","href":"https:\/\/api.w.org\/{rel}","templated":true}]}}