{"id":2188,"date":"2020-08-30T02:00:09","date_gmt":"2020-08-30T05:00:09","guid":{"rendered":"https:\/\/institutonawa.org\/?post_type=product&#038;p=2188"},"modified":"2020-09-17T17:35:03","modified_gmt":"2020-09-17T20:35:03","slug":"nome-do-produto-2","status":"publish","type":"product","link":"https:\/\/institutonawa.org\/pt_br\/produto\/nome-do-produto-2\/","title":{"rendered":"ARARA (FINE ART)"},"content":{"rendered":"","protected":false},"excerpt":{"rendered":"<p>As araras s\u00e3o seres sagrados para os povos origin\u00e1rios, e duas esp\u00e9cies em espec\u00edfico nos chamam muito a aten\u00e7\u00e3o; a Araracanga, que nos lembra das cores do arco-\u00edris, e a Arara-canind\u00e9, que carrega em suas penas as cores de nossa bandeira Brasileira.\u00a0 Esta \u00e9 Shaw\u00e3, a Arara, mais um dos seres sagrados da Floresta Amaz\u00f4nica, cujas penas coloridas tamb\u00e9m s\u00e3o vistas em diversos cocares, de diversas etnias, trazendo consigo muita for\u00e7a e alegria!<\/p>\n<p><strong>INFORMA\u00c7\u00d5ES SOBRE O PAPEL\/IMPRESS\u00c3O<\/strong><\/p>\n<p>Todas as ilustra\u00e7\u00f5es desta s\u00e9rie ser\u00e3o oferecidas nesse papel da foto, o &#8220;William Turner&#8221; da Hahnem\u00fchle, que \u00e9 um papel profissional de alt\u00edssima qualidade &#8211; 100% algod\u00e3o, 300g\/m\u00b2, branco mate, bem texturizado e feito no molde!<\/p>\n","protected":false},"featured_media":3519,"template":"","meta":[],"product_brand":[],"product_cat":[31],"product_tag":[36],"class_list":{"0":"post-2188","1":"product","2":"type-product","3":"status-publish","4":"has-post-thumbnail","6":"product_cat-fine-art","7":"product_tag-arara","9":"first","10":"outofstock","11":"shipping-taxable","12":"purchasable","13":"product-type-simple"},"jetpack_sharing_enabled":true,"_links":{"self":[{"href":"https:\/\/institutonawa.org\/pt_br\/wp-json\/wp\/v2\/product\/2188","targetHints":{"allow":["GET"]}}],"collection":[{"href":"https:\/\/institutonawa.org\/pt_br\/wp-json\/wp\/v2\/product"}],"about":[{"href":"https:\/\/institutonawa.org\/pt_br\/wp-json\/wp\/v2\/types\/product"}],"version-history":[{"count":8,"href":"https:\/\/institutonawa.org\/pt_br\/wp-json\/wp\/v2\/product\/2188\/revisions"}],"predecessor-version":[{"id":3768,"href":"https:\/\/institutonawa.org\/pt_br\/wp-json\/wp\/v2\/product\/2188\/revisions\/3768"}],"wp:featuredmedia":[{"embeddable":true,"href":"https:\/\/institutonawa.org\/pt_br\/wp-json\/wp\/v2\/media\/3519"}],"wp:attachment":[{"href":"https:\/\/institutonawa.org\/pt_br\/wp-json\/wp\/v2\/media?parent=2188"}],"wp:term":[{"taxonomy":"product_brand","embeddable":true,"href":"https:\/\/institutonawa.org\/pt_br\/wp-json\/wp\/v2\/product_brand?post=2188"},{"taxonomy":"product_cat","embeddable":true,"href":"https:\/\/institutonawa.org\/pt_br\/wp-json\/wp\/v2\/product_cat?post=2188"},{"taxonomy":"product_tag","embeddable":true,"href":"https:\/\/institutonawa.org\/pt_br\/wp-json\/wp\/v2\/product_tag?post=2188"}],"curies":[{"name":"wp","href":"https:\/\/api.w.org\/{rel}","templated":true}]}}