{"id":1791,"date":"2020-08-30T04:00:36","date_gmt":"2020-08-30T07:00:36","guid":{"rendered":"https:\/\/institutonawa.org\/?post_type=product&#038;p=1791"},"modified":"2020-09-17T17:42:50","modified_gmt":"2020-09-17T20:42:50","slug":"nome-do-produto-teste","status":"publish","type":"product","link":"https:\/\/institutonawa.org\/pt_br\/produto\/nome-do-produto-teste\/","title":{"rendered":"GAVI\u00c3O-REAL (FINE ART)"},"content":{"rendered":"","protected":false},"excerpt":{"rendered":"<p>Tete Paw\u00e3, o Gavi\u00e3o-real, segundo a tradi\u00e7\u00e3o Huni Kuin \u00e9 um grande guardi\u00e3o da Floresta, cuja caracter\u00edstica mais marcante \u00e9 sua vis\u00e3o poderosa. Encontrado principalmente na regi\u00e3o amaz\u00f4nica, \u00e9 uma das maiores aves de rapina do mundo, e muito sagrado para os povos ind\u00edgenas.<\/p>\n<p><strong>INFORMA\u00c7\u00d5ES SOBRE O PAPEL\/IMPRESS\u00c3O<\/strong><\/p>\n<p>Todas as ilustra\u00e7\u00f5es desta s\u00e9rie ser\u00e3o oferecidas nesse papel da foto, o &#8220;William Turner&#8221; da Hahnem\u00fchle, que \u00e9 um papel profissional de alt\u00edssima qualidade &#8211; 100% algod\u00e3o, 300g\/m\u00b2, branco mate, bem texturizado e feito no molde!<\/p>\n","protected":false},"featured_media":3520,"template":"","meta":[],"product_brand":[],"product_cat":[31],"product_tag":[37],"class_list":{"0":"post-1791","1":"product","2":"type-product","3":"status-publish","4":"has-post-thumbnail","6":"product_cat-fine-art","7":"product_tag-gaviao-real","9":"first","10":"outofstock","11":"shipping-taxable","12":"purchasable","13":"product-type-simple"},"jetpack_sharing_enabled":true,"_links":{"self":[{"href":"https:\/\/institutonawa.org\/pt_br\/wp-json\/wp\/v2\/product\/1791","targetHints":{"allow":["GET"]}}],"collection":[{"href":"https:\/\/institutonawa.org\/pt_br\/wp-json\/wp\/v2\/product"}],"about":[{"href":"https:\/\/institutonawa.org\/pt_br\/wp-json\/wp\/v2\/types\/product"}],"version-history":[{"count":7,"href":"https:\/\/institutonawa.org\/pt_br\/wp-json\/wp\/v2\/product\/1791\/revisions"}],"predecessor-version":[{"id":3769,"href":"https:\/\/institutonawa.org\/pt_br\/wp-json\/wp\/v2\/product\/1791\/revisions\/3769"}],"wp:featuredmedia":[{"embeddable":true,"href":"https:\/\/institutonawa.org\/pt_br\/wp-json\/wp\/v2\/media\/3520"}],"wp:attachment":[{"href":"https:\/\/institutonawa.org\/pt_br\/wp-json\/wp\/v2\/media?parent=1791"}],"wp:term":[{"taxonomy":"product_brand","embeddable":true,"href":"https:\/\/institutonawa.org\/pt_br\/wp-json\/wp\/v2\/product_brand?post=1791"},{"taxonomy":"product_cat","embeddable":true,"href":"https:\/\/institutonawa.org\/pt_br\/wp-json\/wp\/v2\/product_cat?post=1791"},{"taxonomy":"product_tag","embeddable":true,"href":"https:\/\/institutonawa.org\/pt_br\/wp-json\/wp\/v2\/product_tag?post=1791"}],"curies":[{"name":"wp","href":"https:\/\/api.w.org\/{rel}","templated":true}]}}