{"id":1587,"date":"2020-08-25T23:08:13","date_gmt":"2020-08-25T23:08:13","guid":{"rendered":"https:\/\/institutonawa.org\/?page_id=1587"},"modified":"2023-12-07T09:13:30","modified_gmt":"2023-12-07T12:13:30","slug":"doacoes","status":"publish","type":"page","link":"https:\/\/institutonawa.org\/pt_br\/doacoes\/","title":{"rendered":"Doa\u00e7\u00f5es"},"content":{"rendered":"\t\t<div data-elementor-type=\"wp-page\" data-elementor-id=\"1587\" class=\"elementor elementor-1587\">\n\t\t\t\t\t\t<section class=\"elementor-section elementor-top-section elementor-element elementor-element-37e4bc0d elementor-section-height-min-height elementor-section-content-bottom elementor-section-stretched elementor-section-full_width elementor-section-items-bottom elementor-section-height-default\" data-id=\"37e4bc0d\" data-element_type=\"section\" id=\"top\" data-settings=\"{&quot;background_background&quot;:&quot;classic&quot;,&quot;animation_mobile&quot;:&quot;none&quot;,&quot;stretch_section&quot;:&quot;section-stretched&quot;}\">\n\t\t\t\t\t\t\t<div class=\"elementor-background-overlay\"><\/div>\n\t\t\t\t\t\t\t<div class=\"elementor-container elementor-column-gap-default\">\n\t\t\t\t\t<div class=\"elementor-column elementor-col-100 elementor-top-column elementor-element elementor-element-c1d727e\" data-id=\"c1d727e\" data-element_type=\"column\">\n\t\t\t<div class=\"elementor-widget-wrap elementor-element-populated\">\n\t\t\t\t\t\t<div class=\"elementor-element elementor-element-6a2a6d84 elementor-widget elementor-widget-heading\" data-id=\"6a2a6d84\" data-element_type=\"widget\" data-widget_type=\"heading.default\">\n\t\t\t\t<div class=\"elementor-widget-container\">\n\t\t\t\t\t<h2 class=\"elementor-heading-title elementor-size-default\">DOE AGORA<\/h2>\t\t\t\t<\/div>\n\t\t\t\t<\/div>\n\t\t\t\t\t<\/div>\n\t\t<\/div>\n\t\t\t\t\t<\/div>\n\t\t<\/section>\n\t\t\t\t<section class=\"elementor-section elementor-top-section elementor-element elementor-element-009fef4 elementor-section-boxed elementor-section-height-default elementor-section-height-default\" data-id=\"009fef4\" data-element_type=\"section\" data-settings=\"{&quot;background_background&quot;:&quot;classic&quot;}\">\n\t\t\t\t\t\t<div class=\"elementor-container elementor-column-gap-default\">\n\t\t\t\t\t<div class=\"elementor-column elementor-col-100 elementor-top-column elementor-element elementor-element-9ac19a2\" data-id=\"9ac19a2\" data-element_type=\"column\">\n\t\t\t<div class=\"elementor-widget-wrap elementor-element-populated\">\n\t\t\t\t\t\t<div class=\"elementor-element elementor-element-55d2d99 elementor-hidden-phone elementor-widget elementor-widget-image\" data-id=\"55d2d99\" data-element_type=\"widget\" data-widget_type=\"image.default\">\n\t\t\t\t<div class=\"elementor-widget-container\">\n\t\t\t\t\t\t\t\t\t\t\t\t\t\t\t<img fetchpriority=\"high\" decoding=\"async\" width=\"4164\" height=\"129\" src=\"https:\/\/i0.wp.com\/institutonawa.org\/wp-content\/uploads\/2020\/08\/grafismo-02.png?fit=4164%2C129&amp;ssl=1\" class=\"attachment-full size-full wp-image-1295\" alt=\"\" srcset=\"https:\/\/i0.wp.com\/institutonawa.org\/wp-content\/uploads\/2020\/08\/grafismo-02.png?w=4164&amp;ssl=1 4164w, https:\/\/i0.wp.com\/institutonawa.org\/wp-content\/uploads\/2020\/08\/grafismo-02.png?resize=600%2C19&amp;ssl=1 600w, https:\/\/i0.wp.com\/institutonawa.org\/wp-content\/uploads\/2020\/08\/grafismo-02.png?resize=300%2C9&amp;ssl=1 300w, https:\/\/i0.wp.com\/institutonawa.org\/wp-content\/uploads\/2020\/08\/grafismo-02.png?resize=1024%2C32&amp;ssl=1 1024w, https:\/\/i0.wp.com\/institutonawa.org\/wp-content\/uploads\/2020\/08\/grafismo-02.png?resize=768%2C24&amp;ssl=1 768w, https:\/\/i0.wp.com\/institutonawa.org\/wp-content\/uploads\/2020\/08\/grafismo-02.png?resize=1536%2C48&amp;ssl=1 1536w, https:\/\/i0.wp.com\/institutonawa.org\/wp-content\/uploads\/2020\/08\/grafismo-02.png?resize=2048%2C63&amp;ssl=1 2048w, https:\/\/i0.wp.com\/institutonawa.org\/wp-content\/uploads\/2020\/08\/grafismo-02.png?w=1600&amp;ssl=1 1600w, https:\/\/i0.wp.com\/institutonawa.org\/wp-content\/uploads\/2020\/08\/grafismo-02.png?w=2400&amp;ssl=1 2400w\" sizes=\"(max-width: 800px) 100vw, 800px\" \/>\t\t\t\t\t\t\t\t\t\t\t\t\t\t\t<\/div>\n\t\t\t\t<\/div>\n\t\t\t\t<div class=\"elementor-element elementor-element-77d5941 elementor-hidden-desktop elementor-hidden-tablet elementor-widget elementor-widget-image\" data-id=\"77d5941\" data-element_type=\"widget\" data-widget_type=\"image.default\">\n\t\t\t\t<div class=\"elementor-widget-container\">\n\t\t\t\t\t\t\t\t\t\t\t\t\t\t\t<img decoding=\"async\" width=\"3487\" height=\"217\" src=\"https:\/\/i0.wp.com\/institutonawa.org\/wp-content\/uploads\/2020\/08\/grafismo-00.png?fit=3487%2C217&amp;ssl=1\" class=\"attachment-full size-full wp-image-1281\" alt=\"\" srcset=\"https:\/\/i0.wp.com\/institutonawa.org\/wp-content\/uploads\/2020\/08\/grafismo-00.png?w=3487&amp;ssl=1 3487w, https:\/\/i0.wp.com\/institutonawa.org\/wp-content\/uploads\/2020\/08\/grafismo-00.png?resize=600%2C37&amp;ssl=1 600w, https:\/\/i0.wp.com\/institutonawa.org\/wp-content\/uploads\/2020\/08\/grafismo-00.png?resize=300%2C19&amp;ssl=1 300w, https:\/\/i0.wp.com\/institutonawa.org\/wp-content\/uploads\/2020\/08\/grafismo-00.png?resize=1024%2C64&amp;ssl=1 1024w, https:\/\/i0.wp.com\/institutonawa.org\/wp-content\/uploads\/2020\/08\/grafismo-00.png?resize=768%2C48&amp;ssl=1 768w, https:\/\/i0.wp.com\/institutonawa.org\/wp-content\/uploads\/2020\/08\/grafismo-00.png?resize=1536%2C96&amp;ssl=1 1536w, https:\/\/i0.wp.com\/institutonawa.org\/wp-content\/uploads\/2020\/08\/grafismo-00.png?resize=2048%2C127&amp;ssl=1 2048w, https:\/\/i0.wp.com\/institutonawa.org\/wp-content\/uploads\/2020\/08\/grafismo-00.png?w=1600&amp;ssl=1 1600w, https:\/\/i0.wp.com\/institutonawa.org\/wp-content\/uploads\/2020\/08\/grafismo-00.png?w=2400&amp;ssl=1 2400w\" sizes=\"(max-width: 800px) 100vw, 800px\" \/>\t\t\t\t\t\t\t\t\t\t\t\t\t\t\t<\/div>\n\t\t\t\t<\/div>\n\t\t\t\t\t<\/div>\n\t\t<\/div>\n\t\t\t\t\t<\/div>\n\t\t<\/section>\n\t\t\t\t<section class=\"elementor-section elementor-top-section elementor-element elementor-element-6eb61cf elementor-section-boxed elementor-section-height-default elementor-section-height-default\" data-id=\"6eb61cf\" data-element_type=\"section\" data-settings=\"{&quot;background_background&quot;:&quot;classic&quot;}\">\n\t\t\t\t\t\t\t<div class=\"elementor-background-overlay\"><\/div>\n\t\t\t\t\t\t\t<div class=\"elementor-container elementor-column-gap-no\">\n\t\t\t\t\t<div class=\"elementor-column elementor-col-100 elementor-top-column elementor-element elementor-element-0f5e856\" data-id=\"0f5e856\" data-element_type=\"column\">\n\t\t\t<div class=\"elementor-widget-wrap elementor-element-populated\">\n\t\t\t\t\t\t<div class=\"elementor-element elementor-element-ff2b0bc elementor-widget elementor-widget-heading\" data-id=\"ff2b0bc\" data-element_type=\"widget\" data-widget_type=\"heading.default\">\n\t\t\t\t<div class=\"elementor-widget-container\">\n\t\t\t\t\t<h1 class=\"elementor-heading-title elementor-size-default\">Doa\u00e7\u00f5es pontuais e recorrentes para a\u00e7\u00f5es do Instituto<\/h1>\t\t\t\t<\/div>\n\t\t\t\t<\/div>\n\t\t\t\t<div class=\"elementor-element elementor-element-6707416 elementor-widget elementor-widget-heading\" data-id=\"6707416\" data-element_type=\"widget\" data-widget_type=\"heading.default\">\n\t\t\t\t<div class=\"elementor-widget-container\">\n\t\t\t\t\t<h2 class=\"elementor-heading-title elementor-size-default\">Sua doa\u00e7\u00e3o \u00e9 sempre bem-vinda!<\/h2>\t\t\t\t<\/div>\n\t\t\t\t<\/div>\n\t\t\t\t<div class=\"elementor-element elementor-element-844084e elementor-widget elementor-widget-text-editor\" data-id=\"844084e\" data-element_type=\"widget\" data-widget_type=\"text-editor.default\">\n\t\t\t\t<div class=\"elementor-widget-container\">\n\t\t\t\t\t\t\t\t\t<p>Para fazer uma <strong>doa\u00e7\u00e3o pontual<\/strong>, voc\u00ea pode optar por transfer\u00eancia banc\u00e1ria\/Pix, <strong>Pic Pay<\/strong> ou plataforma <strong>Doare<\/strong>.<\/p>\n<p><strong>Doa\u00e7\u00f5es recorrentes<\/strong> podem ser configuradas atrav\u00e9s de transfer\u00eancia banc\u00e1ria ou pelo <strong>Doare<\/strong>.<\/p>\t\t\t\t\t\t\t\t<\/div>\n\t\t\t\t<\/div>\n\t\t\t\t\t<\/div>\n\t\t<\/div>\n\t\t\t\t\t<\/div>\n\t\t<\/section>\n\t\t\t\t<section class=\"elementor-section elementor-top-section elementor-element elementor-element-375840a elementor-section-boxed elementor-section-height-default elementor-section-height-default\" data-id=\"375840a\" data-element_type=\"section\" data-settings=\"{&quot;background_background&quot;:&quot;classic&quot;}\">\n\t\t\t\t\t\t<div class=\"elementor-container elementor-column-gap-default\">\n\t\t\t\t\t<div class=\"elementor-column elementor-col-33 elementor-top-column elementor-element elementor-element-60daa25\" data-id=\"60daa25\" data-element_type=\"column\">\n\t\t\t<div class=\"elementor-widget-wrap elementor-element-populated\">\n\t\t\t\t\t\t<section class=\"elementor-section elementor-inner-section elementor-element elementor-element-6bac4e7 elementor-section-boxed elementor-section-height-default elementor-section-height-default\" data-id=\"6bac4e7\" data-element_type=\"section\">\n\t\t\t\t\t\t<div class=\"elementor-container elementor-column-gap-default\">\n\t\t\t\t\t<div class=\"elementor-column elementor-col-100 elementor-inner-column elementor-element elementor-element-c06ee99\" data-id=\"c06ee99\" data-element_type=\"column\">\n\t\t\t<div class=\"elementor-widget-wrap elementor-element-populated\">\n\t\t\t\t\t\t<div class=\"elementor-element elementor-element-694b678 elementor-widget elementor-widget-heading\" data-id=\"694b678\" data-element_type=\"widget\" data-widget_type=\"heading.default\">\n\t\t\t\t<div class=\"elementor-widget-container\">\n\t\t\t\t\t<h2 class=\"elementor-heading-title elementor-size-default\">OP\u00c7\u00c3O 1<\/h2>\t\t\t\t<\/div>\n\t\t\t\t<\/div>\n\t\t\t\t<div class=\"elementor-element elementor-element-3b7d452 elementor-widget elementor-widget-heading\" data-id=\"3b7d452\" data-element_type=\"widget\" data-widget_type=\"heading.default\">\n\t\t\t\t<div class=\"elementor-widget-container\">\n\t\t\t\t\t<h2 class=\"elementor-heading-title elementor-size-default\">TRANSFER\u00caNCIA DIRETA<\/h2>\t\t\t\t<\/div>\n\t\t\t\t<\/div>\n\t\t\t\t<div class=\"elementor-element elementor-element-6d92f1c elementor-hidden-tablet elementor-hidden-mobile elementor-widget elementor-widget-heading\" data-id=\"6d92f1c\" data-element_type=\"widget\" data-widget_type=\"heading.default\">\n\t\t\t\t<div class=\"elementor-widget-container\">\n\t\t\t\t\t<h2 class=\"elementor-heading-title elementor-size-default\">QR code para Pix:<\/h2>\t\t\t\t<\/div>\n\t\t\t\t<\/div>\n\t\t\t\t<div class=\"elementor-element elementor-element-a686ec2 elementor-hidden-tablet elementor-hidden-mobile elementor-widget elementor-widget-image\" data-id=\"a686ec2\" data-element_type=\"widget\" data-widget_type=\"image.default\">\n\t\t\t\t<div class=\"elementor-widget-container\">\n\t\t\t\t\t\t\t\t\t\t\t\t\t\t\t<img decoding=\"async\" width=\"500\" height=\"502\" src=\"https:\/\/i0.wp.com\/institutonawa.org\/wp-content\/uploads\/2020\/09\/qrcode-itau.png?fit=500%2C502&amp;ssl=1\" class=\"attachment-full size-full wp-image-3958\" alt=\"\" srcset=\"https:\/\/i0.wp.com\/institutonawa.org\/wp-content\/uploads\/2020\/09\/qrcode-itau.png?w=500&amp;ssl=1 500w, https:\/\/i0.wp.com\/institutonawa.org\/wp-content\/uploads\/2020\/09\/qrcode-itau.png?resize=300%2C300&amp;ssl=1 300w, https:\/\/i0.wp.com\/institutonawa.org\/wp-content\/uploads\/2020\/09\/qrcode-itau.png?resize=150%2C150&amp;ssl=1 150w, https:\/\/i0.wp.com\/institutonawa.org\/wp-content\/uploads\/2020\/09\/qrcode-itau.png?resize=12%2C12&amp;ssl=1 12w, https:\/\/i0.wp.com\/institutonawa.org\/wp-content\/uploads\/2020\/09\/qrcode-itau.png?resize=100%2C100&amp;ssl=1 100w\" sizes=\"(max-width: 500px) 100vw, 500px\" \/>\t\t\t\t\t\t\t\t\t\t\t\t\t\t\t<\/div>\n\t\t\t\t<\/div>\n\t\t\t\t<div class=\"elementor-element elementor-element-57ca040 elementor-align-center elementor-widget elementor-widget-button\" data-id=\"57ca040\" data-element_type=\"widget\" data-widget_type=\"button.default\">\n\t\t\t\t<div class=\"elementor-widget-container\">\n\t\t\t\t\t\t\t\t\t<div class=\"elementor-button-wrapper\">\n\t\t\t\t\t<a class=\"elementor-button elementor-button-link elementor-size-sm\" href=\"#elementor-action%3Aaction%3Dpopup%3Aopen%26settings%3DeyJpZCI6IjMxMzkiLCJ0b2dnbGUiOmZhbHNlfQ%3D%3D\" target=\"_blank\">\n\t\t\t\t\t\t<span class=\"elementor-button-content-wrapper\">\n\t\t\t\t\t\t<span class=\"elementor-button-icon\">\n\t\t\t\t<i aria-hidden=\"true\" class=\"fas fa-feather-alt\"><\/i>\t\t\t<\/span>\n\t\t\t\t\t\t\t\t\t<span class=\"elementor-button-text\">doe agora!<\/span>\n\t\t\t\t\t<\/span>\n\t\t\t\t\t<\/a>\n\t\t\t\t<\/div>\n\t\t\t\t\t\t\t\t<\/div>\n\t\t\t\t<\/div>\n\t\t\t\t\t<\/div>\n\t\t<\/div>\n\t\t\t\t\t<\/div>\n\t\t<\/section>\n\t\t\t\t\t<\/div>\n\t\t<\/div>\n\t\t\t\t<div class=\"elementor-column elementor-col-33 elementor-top-column elementor-element elementor-element-bcdc7fa\" data-id=\"bcdc7fa\" data-element_type=\"column\">\n\t\t\t<div class=\"elementor-widget-wrap elementor-element-populated\">\n\t\t\t\t\t\t<section class=\"elementor-section elementor-inner-section elementor-element elementor-element-4a7dc54 elementor-section-boxed elementor-section-height-default elementor-section-height-default\" data-id=\"4a7dc54\" data-element_type=\"section\">\n\t\t\t\t\t\t<div class=\"elementor-container elementor-column-gap-default\">\n\t\t\t\t\t<div class=\"elementor-column elementor-col-100 elementor-inner-column elementor-element elementor-element-bb78929\" data-id=\"bb78929\" data-element_type=\"column\">\n\t\t\t<div class=\"elementor-widget-wrap elementor-element-populated\">\n\t\t\t\t\t\t<div class=\"elementor-element elementor-element-fcbf381 elementor-widget elementor-widget-heading\" data-id=\"fcbf381\" data-element_type=\"widget\" data-widget_type=\"heading.default\">\n\t\t\t\t<div class=\"elementor-widget-container\">\n\t\t\t\t\t<h2 class=\"elementor-heading-title elementor-size-default\">OP\u00c7\u00c3O 2<\/h2>\t\t\t\t<\/div>\n\t\t\t\t<\/div>\n\t\t\t\t<div class=\"elementor-element elementor-element-af05964 elementor-widget elementor-widget-image\" data-id=\"af05964\" data-element_type=\"widget\" data-widget_type=\"image.default\">\n\t\t\t\t<div class=\"elementor-widget-container\">\n\t\t\t\t\t\t\t\t\t\t\t\t\t\t\t<img loading=\"lazy\" decoding=\"async\" width=\"369\" height=\"81\" src=\"https:\/\/i0.wp.com\/institutonawa.org\/wp-content\/uploads\/2023\/12\/picpay-pagamento.png?fit=369%2C81&amp;ssl=1\" class=\"attachment-full size-full wp-image-3988\" alt=\"\" srcset=\"https:\/\/i0.wp.com\/institutonawa.org\/wp-content\/uploads\/2023\/12\/picpay-pagamento.png?w=369&amp;ssl=1 369w, https:\/\/i0.wp.com\/institutonawa.org\/wp-content\/uploads\/2023\/12\/picpay-pagamento.png?resize=300%2C66&amp;ssl=1 300w, https:\/\/i0.wp.com\/institutonawa.org\/wp-content\/uploads\/2023\/12\/picpay-pagamento.png?resize=18%2C4&amp;ssl=1 18w\" sizes=\"(max-width: 369px) 100vw, 369px\" \/>\t\t\t\t\t\t\t\t\t\t\t\t\t\t\t<\/div>\n\t\t\t\t<\/div>\n\t\t\t\t<div class=\"elementor-element elementor-element-2c339ec elementor-hidden-tablet elementor-hidden-mobile elementor-widget elementor-widget-image\" data-id=\"2c339ec\" data-element_type=\"widget\" data-widget_type=\"image.default\">\n\t\t\t\t<div class=\"elementor-widget-container\">\n\t\t\t\t\t\t\t\t\t\t\t\t\t\t\t<img loading=\"lazy\" decoding=\"async\" width=\"558\" height=\"593\" src=\"https:\/\/i0.wp.com\/institutonawa.org\/wp-content\/uploads\/2023\/12\/picpay-qrcode.png?fit=558%2C593&amp;ssl=1\" class=\"attachment-large size-large wp-image-3972\" alt=\"\" srcset=\"https:\/\/i0.wp.com\/institutonawa.org\/wp-content\/uploads\/2023\/12\/picpay-qrcode.png?w=558&amp;ssl=1 558w, https:\/\/i0.wp.com\/institutonawa.org\/wp-content\/uploads\/2023\/12\/picpay-qrcode.png?resize=282%2C300&amp;ssl=1 282w, https:\/\/i0.wp.com\/institutonawa.org\/wp-content\/uploads\/2023\/12\/picpay-qrcode.png?resize=11%2C12&amp;ssl=1 11w\" sizes=\"(max-width: 558px) 100vw, 558px\" \/>\t\t\t\t\t\t\t\t\t\t\t\t\t\t\t<\/div>\n\t\t\t\t<\/div>\n\t\t\t\t<div class=\"elementor-element elementor-element-e07cdae elementor-align-center elementor-widget elementor-widget-button\" data-id=\"e07cdae\" data-element_type=\"widget\" data-widget_type=\"button.default\">\n\t\t\t\t<div class=\"elementor-widget-container\">\n\t\t\t\t\t\t\t\t\t<div class=\"elementor-button-wrapper\">\n\t\t\t\t\t<a class=\"elementor-button elementor-button-link elementor-size-sm\" href=\"https:\/\/app.picpay.com\/payment?type=store&#038;hash=aGEPuly42mOxCTYM\" target=\"_blank\">\n\t\t\t\t\t\t<span class=\"elementor-button-content-wrapper\">\n\t\t\t\t\t\t<span class=\"elementor-button-icon\">\n\t\t\t\t<i aria-hidden=\"true\" class=\"fas fa-feather-alt\"><\/i>\t\t\t<\/span>\n\t\t\t\t\t\t\t\t\t<span class=\"elementor-button-text\">doe agora!<\/span>\n\t\t\t\t\t<\/span>\n\t\t\t\t\t<\/a>\n\t\t\t\t<\/div>\n\t\t\t\t\t\t\t\t<\/div>\n\t\t\t\t<\/div>\n\t\t\t\t\t<\/div>\n\t\t<\/div>\n\t\t\t\t\t<\/div>\n\t\t<\/section>\n\t\t\t\t\t<\/div>\n\t\t<\/div>\n\t\t\t\t<div class=\"elementor-column elementor-col-33 elementor-top-column elementor-element elementor-element-4d67a3d\" data-id=\"4d67a3d\" data-element_type=\"column\">\n\t\t\t<div class=\"elementor-widget-wrap elementor-element-populated\">\n\t\t\t\t\t\t<section class=\"elementor-section elementor-inner-section elementor-element elementor-element-8f3579d elementor-section-boxed elementor-section-height-default elementor-section-height-default\" data-id=\"8f3579d\" data-element_type=\"section\">\n\t\t\t\t\t\t<div class=\"elementor-container elementor-column-gap-default\">\n\t\t\t\t\t<div class=\"elementor-column elementor-col-100 elementor-inner-column elementor-element elementor-element-4aabed1\" data-id=\"4aabed1\" data-element_type=\"column\">\n\t\t\t<div class=\"elementor-widget-wrap elementor-element-populated\">\n\t\t\t\t\t\t<div class=\"elementor-element elementor-element-34856de elementor-widget elementor-widget-heading\" data-id=\"34856de\" data-element_type=\"widget\" data-widget_type=\"heading.default\">\n\t\t\t\t<div class=\"elementor-widget-container\">\n\t\t\t\t\t<h2 class=\"elementor-heading-title elementor-size-default\">OP\u00c7\u00c3O 3<\/h2>\t\t\t\t<\/div>\n\t\t\t\t<\/div>\n\t\t\t\t<div class=\"elementor-element elementor-element-962725d elementor-widget elementor-widget-image\" data-id=\"962725d\" data-element_type=\"widget\" data-widget_type=\"image.default\">\n\t\t\t\t<div class=\"elementor-widget-container\">\n\t\t\t\t\t\t\t\t\t\t\t\t\t\t\t<img loading=\"lazy\" decoding=\"async\" width=\"200\" height=\"59\" src=\"https:\/\/i0.wp.com\/institutonawa.org\/wp-content\/uploads\/2020\/08\/nawa-log-doare.png?fit=200%2C59&amp;ssl=1\" class=\"attachment-large size-large wp-image-2465\" alt=\"\" \/>\t\t\t\t\t\t\t\t\t\t\t\t\t\t\t<\/div>\n\t\t\t\t<\/div>\n\t\t\t\t<div class=\"elementor-element elementor-element-6d61ed9 elementor-align-center elementor-widget elementor-widget-button\" data-id=\"6d61ed9\" data-element_type=\"widget\" data-widget_type=\"button.default\">\n\t\t\t\t<div class=\"elementor-widget-container\">\n\t\t\t\t\t\t\t\t\t<div class=\"elementor-button-wrapper\">\n\t\t\t\t\t<a class=\"elementor-button elementor-button-link elementor-size-sm\" href=\"https:\/\/doa.re\/instituto-nawa\" target=\"_blank\">\n\t\t\t\t\t\t<span class=\"elementor-button-content-wrapper\">\n\t\t\t\t\t\t<span class=\"elementor-button-icon\">\n\t\t\t\t<i aria-hidden=\"true\" class=\"fas fa-feather-alt\"><\/i>\t\t\t<\/span>\n\t\t\t\t\t\t\t\t\t<span class=\"elementor-button-text\">doe agora!<\/span>\n\t\t\t\t\t<\/span>\n\t\t\t\t\t<\/a>\n\t\t\t\t<\/div>\n\t\t\t\t\t\t\t\t<\/div>\n\t\t\t\t<\/div>\n\t\t\t\t\t<\/div>\n\t\t<\/div>\n\t\t\t\t\t<\/div>\n\t\t<\/section>\n\t\t\t\t\t<\/div>\n\t\t<\/div>\n\t\t\t\t\t<\/div>\n\t\t<\/section>\n\t\t\t\t<section class=\"elementor-section elementor-top-section elementor-element elementor-element-95313d6 elementor-section-boxed elementor-section-height-default elementor-section-height-default\" data-id=\"95313d6\" data-element_type=\"section\">\n\t\t\t\t\t\t<div class=\"elementor-container elementor-column-gap-default\">\n\t\t\t\t\t<div class=\"elementor-column elementor-col-100 elementor-top-column elementor-element elementor-element-36dfd78\" data-id=\"36dfd78\" data-element_type=\"column\">\n\t\t\t<div class=\"elementor-widget-wrap elementor-element-populated\">\n\t\t\t\t\t\t<div class=\"elementor-element elementor-element-45f6f94 elementor-widget elementor-widget-text-editor\" data-id=\"45f6f94\" data-element_type=\"widget\" data-widget_type=\"text-editor.default\">\n\t\t\t\t<div class=\"elementor-widget-container\">\n\t\t\t\t\t\t\t\t\t<p>Vivemos o novo pensamento conhecido como xin\u00e3 bena, um novo tempo em que todos colaboramos e <strong>juntos <span class=\"s4\">cocriamos o novo mundo<\/span><\/strong>.<\/p><p>Nossos rios est\u00e3o sofrendo com secas, enchentes e polui\u00e7\u00e3o, precisamos construir + po\u00e7os de \u00e1gua e a\u00e7udes para juntos \u00a0multiplicarmos os peixes<\/p><p><span class=\"s4\">O<\/span><strong><span class=\"s4\"> P<\/span><span class=\"s4\">rojeto + <\/span><span class=\"s4\">V<\/span><span class=\"s4\">ida nas <\/span><span class=\"s4\">A<\/span><span class=\"s4\">ldeias<\/span><\/strong> tem como objetivo levar mais qualidade de vida a fam\u00edlias ind\u00edgenas de todo o Brasil.<\/p><p>Neste momento as <strong><span class=\"s4\">doa\u00e7\u00f5es<\/span><span class=\"s4\">*<\/span><\/strong>, pontuais ou recorrentes, s\u00e3o fundamentais para a realiza\u00e7\u00e3o e manuten\u00e7\u00e3o dos nossos projetos, al\u00e9m da compra de <strong><span class=\"s4\">alimentos<\/span><\/strong> e outros insumos necess\u00e1rios, em locais pr\u00f3ximos \u00e0s aldeias em situa\u00e7\u00f5es emergenciais.<\/p><p><strong><span class=\"s4\">Enfrentamos <\/span><span class=\"s4\">2<\/span><span class=\"s4\"> grandes desafios<\/span><span class=\"s4\">:<\/span><\/strong><\/p><p><strong>1 &#8211; <span class=\"s4\">L<\/span><span class=\"s4\">og\u00edstica de envio<\/span><\/strong> de carga para l\u00e1 \u00e9 praticamente invi\u00e1vel devido seu alto custo.<\/p><p>2 &#8211; Tivemos nos \u00faltimos 2 anos, as piores <strong><span class=\"s4\">enchentes e secas<\/span><\/strong> da hist\u00f3ria nos rios da Amaz\u00f4nia.<\/p><p>Al\u00e9m da polui\u00e7\u00e3o, que colocam ainda mais os ind\u00edgenas (popula\u00e7\u00e3o ribeirinha) em situa\u00e7\u00e3o de maior vulnerabilidade, tanto em termos de sa\u00fade, como financeiramente.<\/p><p>Junte-se a n\u00f3s para garantir a <strong><span class=\"s4\">seguran\u00e7a alimentar<\/span><\/strong> de diversas fam\u00edlias ind\u00edgenas brasileiras.<\/p>\t\t\t\t\t\t\t\t<\/div>\n\t\t\t\t<\/div>\n\t\t\t\t<div class=\"elementor-element elementor-element-fff7ddd elementor-widget elementor-widget-text-editor\" data-id=\"fff7ddd\" data-element_type=\"widget\" data-widget_type=\"text-editor.default\">\n\t\t\t\t<div class=\"elementor-widget-container\">\n\t\t\t\t\t\t\t\t\t<p><em><span class=\"s6\">*As doa\u00e7\u00f5es tamb\u00e9m nos ajudam a cobrir despesas operacionais.<\/span><\/em><\/p>\t\t\t\t\t\t\t\t<\/div>\n\t\t\t\t<\/div>\n\t\t\t\t<div class=\"elementor-element elementor-element-bea8ea0 elementor-widget elementor-widget-heading\" data-id=\"bea8ea0\" data-element_type=\"widget\" data-widget_type=\"heading.default\">\n\t\t\t\t<div class=\"elementor-widget-container\">\n\t\t\t\t\t<h1 class=\"elementor-heading-title elementor-size-default\">A Floresta e os Povos Origin\u00e1rios agradecem, e n\u00f3s tamb\u00e9m, de cora\u00e7\u00e3o!<\/h1>\t\t\t\t<\/div>\n\t\t\t\t<\/div>\n\t\t\t\t\t<\/div>\n\t\t<\/div>\n\t\t\t\t\t<\/div>\n\t\t<\/section>\n\t\t\t\t<\/div>\n\t\t","protected":false},"excerpt":{"rendered":"<p>DOE AGORA Doa\u00e7\u00f5es pontuais e recorrentes para a\u00e7\u00f5es do Instituto Sua doa\u00e7\u00e3o \u00e9 sempre bem-vinda! Para fazer uma doa\u00e7\u00e3o pontual, voc\u00ea pode optar por transfer\u00eancia banc\u00e1ria\/Pix, Pic Pay ou plataforma Doare. Doa\u00e7\u00f5es recorrentes podem ser configuradas atrav\u00e9s de transfer\u00eancia banc\u00e1ria ou pelo Doare. OP\u00c7\u00c3O 1 TRANSFER\u00caNCIA DIRETA QR code para Pix: doe agora! OP\u00c7\u00c3O 2 [&hellip;]<\/p>\n","protected":false},"author":3,"featured_media":0,"parent":0,"menu_order":0,"comment_status":"closed","ping_status":"closed","template":"","meta":{"footnotes":""},"class_list":["post-1587","page","type-page","status-publish","hentry"],"jetpack_sharing_enabled":true,"_links":{"self":[{"href":"https:\/\/institutonawa.org\/pt_br\/wp-json\/wp\/v2\/pages\/1587","targetHints":{"allow":["GET"]}}],"collection":[{"href":"https:\/\/institutonawa.org\/pt_br\/wp-json\/wp\/v2\/pages"}],"about":[{"href":"https:\/\/institutonawa.org\/pt_br\/wp-json\/wp\/v2\/types\/page"}],"author":[{"embeddable":true,"href":"https:\/\/institutonawa.org\/pt_br\/wp-json\/wp\/v2\/users\/3"}],"replies":[{"embeddable":true,"href":"https:\/\/institutonawa.org\/pt_br\/wp-json\/wp\/v2\/comments?post=1587"}],"version-history":[{"count":187,"href":"https:\/\/institutonawa.org\/pt_br\/wp-json\/wp\/v2\/pages\/1587\/revisions"}],"predecessor-version":[{"id":4010,"href":"https:\/\/institutonawa.org\/pt_br\/wp-json\/wp\/v2\/pages\/1587\/revisions\/4010"}],"wp:attachment":[{"href":"https:\/\/institutonawa.org\/pt_br\/wp-json\/wp\/v2\/media?parent=1587"}],"curies":[{"name":"wp","href":"https:\/\/api.w.org\/{rel}","templated":true}]}}