{"id":3415,"date":"2020-09-15T23:09:07","date_gmt":"2020-09-16T02:09:07","guid":{"rendered":"https:\/\/institutonawa.org\/?page_id=3415"},"modified":"2020-09-16T15:57:50","modified_gmt":"2020-09-16T18:57:50","slug":"associado","status":"publish","type":"page","link":"https:\/\/institutonawa.org\/en\/associado\/","title":{"rendered":"Associado"},"content":{"rendered":"<div data-elementor-type=\"wp-page\" data-elementor-id=\"3415\" class=\"elementor elementor-3415\">\n\t\t\t\t\t\t<section class=\"elementor-section elementor-top-section elementor-element elementor-element-2ae78df8 elementor-section-height-min-height elementor-section-content-bottom elementor-section-stretched elementor-section-full_width elementor-section-items-bottom elementor-section-height-default\" data-id=\"2ae78df8\" data-element_type=\"section\" id=\"top\" data-settings=\"{&quot;background_background&quot;:&quot;classic&quot;,&quot;animation_mobile&quot;:&quot;none&quot;,&quot;stretch_section&quot;:&quot;section-stretched&quot;}\">\n\t\t\t\t\t\t\t<div class=\"elementor-background-overlay\"><\/div>\n\t\t\t\t\t\t\t<div class=\"elementor-container elementor-column-gap-default\">\n\t\t\t\t\t<div class=\"elementor-column elementor-col-100 elementor-top-column elementor-element elementor-element-12eb9c7f\" data-id=\"12eb9c7f\" data-element_type=\"column\">\n\t\t\t<div class=\"elementor-widget-wrap elementor-element-populated\">\n\t\t\t\t\t\t<div class=\"elementor-element elementor-element-2ad669c4 elementor-widget elementor-widget-heading\" data-id=\"2ad669c4\" data-element_type=\"widget\" data-widget_type=\"heading.default\">\n\t\t\t\t<div class=\"elementor-widget-container\">\n\t\t\t\t\t<h2 class=\"elementor-heading-title elementor-size-default\">ASSOCIATED<\/h2>\t\t\t\t<\/div>\n\t\t\t\t<\/div>\n\t\t\t\t\t<\/div>\n\t\t<\/div>\n\t\t\t\t\t<\/div>\n\t\t<\/section>\n\t\t\t\t<section class=\"elementor-section elementor-top-section elementor-element elementor-element-709bfc3f elementor-section-boxed elementor-section-height-default elementor-section-height-default\" data-id=\"709bfc3f\" data-element_type=\"section\" data-settings=\"{&quot;background_background&quot;:&quot;classic&quot;}\">\n\t\t\t\t\t\t<div class=\"elementor-container elementor-column-gap-default\">\n\t\t\t\t\t<div class=\"elementor-column elementor-col-100 elementor-top-column elementor-element elementor-element-282e59ac\" data-id=\"282e59ac\" data-element_type=\"column\">\n\t\t\t<div class=\"elementor-widget-wrap elementor-element-populated\">\n\t\t\t\t\t\t<div class=\"elementor-element elementor-element-6831709 elementor-widget elementor-widget-image\" data-id=\"6831709\" data-element_type=\"widget\" data-widget_type=\"image.default\">\n\t\t\t\t<div class=\"elementor-widget-container\">\n\t\t\t\t\t\t\t\t\t\t\t\t\t\t\t<img fetchpriority=\"high\" decoding=\"async\" width=\"4164\" height=\"129\" src=\"https:\/\/i0.wp.com\/institutonawa.org\/wp-content\/uploads\/2020\/08\/grafismo-02.png?fit=4164%2C129&amp;ssl=1\" class=\"attachment-full size-full wp-image-1295\" alt=\"\" srcset=\"https:\/\/i0.wp.com\/institutonawa.org\/wp-content\/uploads\/2020\/08\/grafismo-02.png?w=4164&amp;ssl=1 4164w, https:\/\/i0.wp.com\/institutonawa.org\/wp-content\/uploads\/2020\/08\/grafismo-02.png?resize=600%2C19&amp;ssl=1 600w, https:\/\/i0.wp.com\/institutonawa.org\/wp-content\/uploads\/2020\/08\/grafismo-02.png?resize=300%2C9&amp;ssl=1 300w, https:\/\/i0.wp.com\/institutonawa.org\/wp-content\/uploads\/2020\/08\/grafismo-02.png?resize=1024%2C32&amp;ssl=1 1024w, https:\/\/i0.wp.com\/institutonawa.org\/wp-content\/uploads\/2020\/08\/grafismo-02.png?resize=768%2C24&amp;ssl=1 768w, https:\/\/i0.wp.com\/institutonawa.org\/wp-content\/uploads\/2020\/08\/grafismo-02.png?resize=1536%2C48&amp;ssl=1 1536w, https:\/\/i0.wp.com\/institutonawa.org\/wp-content\/uploads\/2020\/08\/grafismo-02.png?resize=2048%2C63&amp;ssl=1 2048w, https:\/\/i0.wp.com\/institutonawa.org\/wp-content\/uploads\/2020\/08\/grafismo-02.png?w=1600&amp;ssl=1 1600w, https:\/\/i0.wp.com\/institutonawa.org\/wp-content\/uploads\/2020\/08\/grafismo-02.png?w=2400&amp;ssl=1 2400w\" sizes=\"(max-width: 800px) 100vw, 800px\" \/>\t\t\t\t\t\t\t\t\t\t\t\t\t\t\t<\/div>\n\t\t\t\t<\/div>\n\t\t\t\t\t<\/div>\n\t\t<\/div>\n\t\t\t\t\t<\/div>\n\t\t<\/section>\n\t\t\t\t<section class=\"elementor-section elementor-top-section elementor-element elementor-element-b73174a elementor-section-boxed elementor-section-height-default elementor-section-height-default\" data-id=\"b73174a\" data-element_type=\"section\">\n\t\t\t\t\t\t<div class=\"elementor-container elementor-column-gap-default\">\n\t\t\t\t\t<div class=\"elementor-column elementor-col-100 elementor-top-column elementor-element elementor-element-06b983a\" data-id=\"06b983a\" data-element_type=\"column\">\n\t\t\t<div class=\"elementor-widget-wrap elementor-element-populated\">\n\t\t\t\t\t\t<section class=\"elementor-section elementor-inner-section elementor-element elementor-element-e46bd5f elementor-section-boxed elementor-section-height-default elementor-section-height-default\" data-id=\"e46bd5f\" data-element_type=\"section\">\n\t\t\t\t\t\t<div class=\"elementor-container elementor-column-gap-default\">\n\t\t\t\t\t<div class=\"elementor-column elementor-col-100 elementor-inner-column elementor-element elementor-element-a22198c\" data-id=\"a22198c\" data-element_type=\"column\">\n\t\t\t<div class=\"elementor-widget-wrap elementor-element-populated\">\n\t\t\t\t\t\t<div class=\"elementor-element elementor-element-1ca7f53 elementor-widget elementor-widget-heading\" data-id=\"1ca7f53\" data-element_type=\"widget\" data-widget_type=\"heading.default\">\n\t\t\t\t<div class=\"elementor-widget-container\">\n\t\t\t\t\t<h2 class=\"elementor-heading-title elementor-size-default\">Thank you for your interest in joining the Naw\u00e1 Institute!<\/h2>\t\t\t\t<\/div>\n\t\t\t\t<\/div>\n\t\t\t\t\t<\/div>\n\t\t<\/div>\n\t\t\t\t\t<\/div>\n\t\t<\/section>\n\t\t\t\t<section class=\"elementor-section elementor-inner-section elementor-element elementor-element-7de1e03 elementor-section-boxed elementor-section-height-default elementor-section-height-default\" data-id=\"7de1e03\" data-element_type=\"section\">\n\t\t\t\t\t\t<div class=\"elementor-container elementor-column-gap-default\">\n\t\t\t\t\t<div class=\"elementor-column elementor-col-50 elementor-inner-column elementor-element elementor-element-ace1d5d\" data-id=\"ace1d5d\" data-element_type=\"column\">\n\t\t\t<div class=\"elementor-widget-wrap elementor-element-populated\">\n\t\t\t\t\t\t<div class=\"elementor-element elementor-element-0869bb3 elementor-widget elementor-widget-text-editor\" data-id=\"0869bb3\" data-element_type=\"widget\" data-widget_type=\"text-editor.default\">\n\t\t\t\t<div class=\"elementor-widget-container\">\n\t\t\t\t\t\t\t\t\t<p>This registration is free and through this registration you will receive privileged information about events related to the Naw\u00e1 Institute, such as seminars, petitions, among others.<\/p>\t\t\t\t\t\t\t\t<\/div>\n\t\t\t\t<\/div>\n\t\t\t\t<div class=\"elementor-element elementor-element-e178795 elementor-widget elementor-widget-text-editor\" data-id=\"e178795\" data-element_type=\"widget\" data-widget_type=\"text-editor.default\">\n\t\t\t\t<div class=\"elementor-widget-container\">\n\t\t\t\t\t\t\t\t\t<p><strong>See you later!<\/strong><br \/><strong>Naw\u00e1 Institute Team<\/strong><\/p>\t\t\t\t\t\t\t\t<\/div>\n\t\t\t\t<\/div>\n\t\t\t\t\t<\/div>\n\t\t<\/div>\n\t\t\t\t<div class=\"elementor-column elementor-col-50 elementor-inner-column elementor-element elementor-element-3848f8f\" data-id=\"3848f8f\" data-element_type=\"column\" data-settings=\"{&quot;background_background&quot;:&quot;classic&quot;}\">\n\t\t\t<div class=\"elementor-widget-wrap elementor-element-populated\">\n\t\t\t\t\t\t<div class=\"elementor-element elementor-element-e35b603 elementor-tabs-view-horizontal elementor-widget elementor-widget-tabs\" data-id=\"e35b603\" data-element_type=\"widget\" data-widget_type=\"tabs.default\">\n\t\t\t\t<div class=\"elementor-widget-container\">\n\t\t\t\t\t\t\t<div class=\"elementor-tabs\">\n\t\t\t<div class=\"elementor-tabs-wrapper\" role=\"tablist\" >\n\t\t\t\t\t\t\t\t\t<div id=\"elementor-tab-title-2381\" class=\"elementor-tab-title elementor-tab-desktop-title\" aria-selected=\"true\" data-tab=\"1\" role=\"tab\" tabindex=\"0\" aria-controls=\"elementor-tab-content-2381\" aria-expanded=\"false\">PHYSICAL PERSON<\/div>\n\t\t\t\t\t\t\t\t\t<div id=\"elementor-tab-title-2382\" class=\"elementor-tab-title elementor-tab-desktop-title\" aria-selected=\"false\" data-tab=\"2\" role=\"tab\" tabindex=\"-1\" aria-controls=\"elementor-tab-content-2382\" aria-expanded=\"false\">LEGAL PERSON<\/div>\n\t\t\t\t\t\t\t<\/div>\n\t\t\t<div class=\"elementor-tabs-content-wrapper\" role=\"tablist\" aria-orientation=\"vertical\">\n\t\t\t\t\t\t\t\t\t<div class=\"elementor-tab-title elementor-tab-mobile-title\" aria-selected=\"true\" data-tab=\"1\" role=\"tab\" tabindex=\"0\" aria-controls=\"elementor-tab-content-2381\" aria-expanded=\"false\">PHYSICAL PERSON<\/div>\n\t\t\t\t\t<div id=\"elementor-tab-content-2381\" class=\"elementor-tab-content elementor-clearfix\" data-tab=\"1\" role=\"tabpanel\" aria-labelledby=\"elementor-tab-title-2381\" tabindex=\"0\" hidden=\"false\"><p>\t\t<div data-elementor-type=\"widget\" data-elementor-id=\"3423\" class=\"elementor elementor-3423\">\n\t\t\t\t\t\t<div class=\"elementor-element elementor-element-3423 elementor-button-align-center elementor-widget elementor-widget-form\" data-id=\"3423\" data-element_type=\"widget\" data-settings=\"{&quot;step_next_label&quot;:&quot;Next&quot;,&quot;step_previous_label&quot;:&quot;Previous&quot;,&quot;button_width&quot;:&quot;100&quot;,&quot;step_type&quot;:&quot;number_text&quot;,&quot;step_icon_shape&quot;:&quot;circle&quot;}\" data-widget_type=\"form.default\">\n\t\t\t\t<div class=\"elementor-widget-container\">\n\t\t\t\t\t\t\t<form class=\"elementor-form\" method=\"post\" name=\"New Form\" action=\"\">\n\t\t\t<input type=\"hidden\" name=\"post_id\" value=\"3423\"\/>\n\t\t\t<input type=\"hidden\" name=\"form_id\" value=\"3423\"\/>\n\n\t\t\t\n\t\t\t<div class=\"elementor-form-fields-wrapper elementor-labels-\">\n\t\t\t\t\t\t\t\t<div class=\"elementor-field-type-text elementor-field-group elementor-column elementor-field-group-field_21929f3 elementor-col-100\">\n\t\t\t\t\t<label for=\"form-field-field_21929f3\" class=\"elementor-field-label elementor-screen-only\">Name<\/label><input size=\"1\" type=\"text\" name=\"form_fields[field_21929f3]\" id=\"form-field-field_21929f3\" class=\"elementor-field elementor-size-md  elementor-field-textual\" placeholder=\"Name\">\t\t\t\t<\/div>\n\t\t\t\t\t\t\t\t<div class=\"elementor-field-type-html elementor-field-group elementor-column elementor-field-group-field_1d8fbc6 elementor-col-20\">\n\t\t\t\t\t<h6 style=\"color: #000;\">Date of birth:<\/h6>\t\t\t\t<\/div>\n\t\t\t\t\t\t\t\t<div class=\"elementor-field-type-date elementor-field-group elementor-column elementor-field-group-name elementor-col-25 elementor-field-required\">\n\t\t\t\t\t<label for=\"form-field-name\" class=\"elementor-field-label elementor-screen-only\">Date of birth<\/label><input type=\"date\" name=\"form_fields[name]\" id=\"form-field-name\" class=\"elementor-field elementor-size-md  elementor-field-textual elementor-date-field elementor-use-native\" placeholder=\"Date of birth\" required=\"required\" aria-required=\"true\" pattern=\"[0-9]{4}-[0-9]{2}-[0-9]{2}\">\t\t\t\t<\/div>\n\t\t\t\t\t\t\t\t<div class=\"elementor-field-type-number elementor-field-group elementor-column elementor-field-group-field_2454d85 elementor-col-20 elementor-field-required\">\n\t\t\t\t\t<label for=\"form-field-field_2454d85\" class=\"elementor-field-label elementor-screen-only\">DDD<\/label><input type=\"number\" name=\"form_fields[field_2454d85]\" id=\"form-field-field_2454d85\" class=\"elementor-field elementor-size-md  elementor-field-textual\" placeholder=\"DDD\" required=\"required\" aria-required=\"true\" min=\"\" max=\"99\">\t\t\t\t<\/div>\n\t\t\t\t\t\t\t\t<div class=\"elementor-field-type-tel elementor-field-group elementor-column elementor-field-group-message elementor-col-33 elementor-field-required\">\n\t\t\t\t\t<label for=\"form-field-message\" class=\"elementor-field-label elementor-screen-only\">telephone<\/label><input size=\"1\" type=\"tel\" name=\"form_fields[message]\" id=\"form-field-message\" class=\"elementor-field elementor-size-md  elementor-field-textual\" placeholder=\"telephone\" required=\"required\" aria-required=\"true\" pattern=\"[0-9()#&amp;+*-=.]+\" title=\"Only numbers and phone characters (#, -, *, etc) are accepted.\">\t\t\t\t<\/div>\n\t\t\t\t\t\t\t\t<div class=\"elementor-field-type-email elementor-field-group elementor-column elementor-field-group-field_88125af elementor-col-100 elementor-field-required\">\n\t\t\t\t\t<label for=\"form-field-field_88125af\" class=\"elementor-field-label elementor-screen-only\">Email<\/label><input size=\"1\" type=\"email\" name=\"form_fields[field_88125af]\" id=\"form-field-field_88125af\" class=\"elementor-field elementor-size-md  elementor-field-textual\" placeholder=\"Email\" required=\"required\" aria-required=\"true\">\t\t\t\t<\/div>\n\t\t\t\t\t\t\t\t<div class=\"elementor-field-type-textarea elementor-field-group elementor-column elementor-field-group-email elementor-col-80 elementor-field-required\">\n\t\t\t\t\t<label for=\"form-field-email\" class=\"elementor-field-label elementor-screen-only\">City<\/label><textarea class=\"elementor-field-textual elementor-field  elementor-size-md\" name=\"form_fields[email]\" id=\"form-field-email\" rows=\"1\" placeholder=\"City\" required=\"required\" aria-required=\"true\"><\/textarea>\t\t\t\t<\/div>\n\t\t\t\t\t\t\t\t<div class=\"elementor-field-type-select elementor-field-group elementor-column elementor-field-group-field_7c1735a elementor-col-20\">\n\t\t\t\t\t<label for=\"form-field-field_7c1735a\" class=\"elementor-field-label elementor-screen-only\">state<\/label>\t\t<div class=\"elementor-field elementor-select-wrapper\">\n\t\t\t<select name=\"form_fields[field_7c1735a]\" id=\"form-field-field_7c1735a\" class=\"elementor-field-textual elementor-size-md\">\n\t\t\t\t<option value=\"AC\">B.C<\/option><option value=\"AL\">AL<\/option><option value=\"AP\">AP<\/option><option value=\"AM\">AM<\/option><option value=\"BA\">BA<\/option><option value=\"CE\">CE<\/option><option value=\"ES\">ES<\/option><option value=\"GO\">GO<\/option><option value=\"MA\">BAD<\/option><option value=\"MT\">MT<\/option><option value=\"MS\">MS<\/option><option value=\"MG\">MG<\/option><option value=\"PA\">PAN<\/option><option value=\"PB\">PB<\/option><option value=\"PR\">PR<\/option><option value=\"PE\">PE<\/option><option value=\"PI\">PI<\/option><option value=\"RJ\">RJ<\/option><option value=\"RN\">RN<\/option><option value=\"RS\">LOL<\/option><option value=\"RO\">RO<\/option><option value=\"RR\">RR<\/option><option value=\"SC\">SC<\/option><option value=\"SP\">SP<\/option><option value=\"SE\">SE<\/option><option value=\"TO\">TO<\/option><option value=\"DF\">DF<\/option><option value=\"\"><\/option>\t\t\t<\/select>\n\t\t<\/div>\n\t\t\t\t\t\t<\/div>\n\t\t\t\t\t\t\t\t<div class=\"elementor-field-type-text elementor-field-group elementor-column elementor-field-group-field_9e27c81 elementor-col-100 elementor-field-required\">\n\t\t\t\t\t<label for=\"form-field-field_9e27c81\" class=\"elementor-field-label elementor-screen-only\">Occupation area<\/label><input size=\"1\" type=\"text\" name=\"form_fields[field_9e27c81]\" id=\"form-field-field_9e27c81\" class=\"elementor-field elementor-size-md  elementor-field-textual\" placeholder=\"Occupation area\" required=\"required\" aria-required=\"true\">\t\t\t\t<\/div>\n\t\t\t\t\t\t\t\t<div class=\"elementor-field-type-text elementor-field-group elementor-column elementor-field-group-field_bca4c20 elementor-col-100 elementor-field-required\">\n\t\t\t\t\t<label for=\"form-field-field_bca4c20\" class=\"elementor-field-label elementor-screen-only\">RG<\/label><input size=\"1\" type=\"text\" name=\"form_fields[field_bca4c20]\" id=\"form-field-field_bca4c20\" class=\"elementor-field elementor-size-md  elementor-field-textual\" placeholder=\"RG\" required=\"required\" aria-required=\"true\">\t\t\t\t<\/div>\n\t\t\t\t\t\t\t\t<div class=\"elementor-field-group elementor-column elementor-field-type-submit elementor-col-100 e-form__buttons\">\n\t\t\t\t\t<button type=\"submit\" class=\"elementor-button elementor-size-md\">\n\t\t\t\t\t\t<span >\n\t\t\t\t\t\t\t\t\t\t\t\t\t\t\t<span class=\"elementor-align-icon-left elementor-button-icon\">\n\t\t\t\t\t\t\t\t\t<i aria-hidden=\"true\" class=\"fas fa-mail-bulk\"><\/i>\t\t\t\t\t\t\t\t\t\t\t\t\t\t\t\t\t<\/span>\n\t\t\t\t\t\t\t\t\t\t\t\t\t\t\t\t\t\t\t\t\t\t<span class=\"elementor-button-text\">Submit<\/span>\n\t\t\t\t\t\t\t\t\t\t\t\t\t<\/span>\n\t\t\t\t\t<\/button>\n\t\t\t\t<\/div>\n\t\t\t<\/div>\n\t\t<input type=\"hidden\" name=\"trp-form-language\" value=\"en\"\/><\/form>\n\t\t\t\t\t\t<\/div>\n\t\t\t\t<\/div>\n\t\t\t\t<\/div>\n\t\t<\/p><\/div>\n\t\t\t\t\t\t\t\t\t<div class=\"elementor-tab-title elementor-tab-mobile-title\" aria-selected=\"false\" data-tab=\"2\" role=\"tab\" tabindex=\"-1\" aria-controls=\"elementor-tab-content-2382\" aria-expanded=\"false\">LEGAL PERSON<\/div>\n\t\t\t\t\t<div id=\"elementor-tab-content-2382\" class=\"elementor-tab-content elementor-clearfix\" data-tab=\"2\" role=\"tabpanel\" aria-labelledby=\"elementor-tab-title-2382\" tabindex=\"0\" hidden=\"hidden\"><p>\t\t<div data-elementor-type=\"widget\" data-elementor-id=\"3429\" class=\"elementor elementor-3429\">\n\t\t\t\t\t\t<div class=\"elementor-element elementor-element-3429 elementor-button-align-center elementor-widget elementor-widget-form\" data-id=\"3429\" data-element_type=\"widget\" data-settings=\"{&quot;step_next_label&quot;:&quot;Next&quot;,&quot;step_previous_label&quot;:&quot;Previous&quot;,&quot;button_width&quot;:&quot;100&quot;,&quot;step_type&quot;:&quot;number_text&quot;,&quot;step_icon_shape&quot;:&quot;circle&quot;}\" data-widget_type=\"form.default\">\n\t\t\t\t<div class=\"elementor-widget-container\">\n\t\t\t\t\t\t\t<form class=\"elementor-form\" method=\"post\" name=\"New Form\" action=\"\">\n\t\t\t<input type=\"hidden\" name=\"post_id\" value=\"3429\"\/>\n\t\t\t<input type=\"hidden\" name=\"form_id\" value=\"3429\"\/>\n\n\t\t\t\n\t\t\t<div class=\"elementor-form-fields-wrapper elementor-labels-\">\n\t\t\t\t\t\t\t\t<div class=\"elementor-field-type-text elementor-field-group elementor-column elementor-field-group-field_21929f3 elementor-col-100\">\n\t\t\t\t\t<label for=\"form-field-field_21929f3\" class=\"elementor-field-label elementor-screen-only\">Company name<\/label><input size=\"1\" type=\"text\" name=\"form_fields[field_21929f3]\" id=\"form-field-field_21929f3\" class=\"elementor-field elementor-size-md  elementor-field-textual\" placeholder=\"Company name\">\t\t\t\t<\/div>\n\t\t\t\t\t\t\t\t<div class=\"elementor-field-type-text elementor-field-group elementor-column elementor-field-group-field_9e27c81 elementor-col-100 elementor-field-required\">\n\t\t\t\t\t<label for=\"form-field-field_9e27c81\" class=\"elementor-field-label elementor-screen-only\">Responsible<\/label><input size=\"1\" type=\"text\" name=\"form_fields[field_9e27c81]\" id=\"form-field-field_9e27c81\" class=\"elementor-field elementor-size-md  elementor-field-textual\" placeholder=\"Responsible\" required=\"required\" aria-required=\"true\">\t\t\t\t<\/div>\n\t\t\t\t\t\t\t\t<div class=\"elementor-field-type-textarea elementor-field-group elementor-column elementor-field-group-email elementor-col-80 elementor-field-required\">\n\t\t\t\t\t<label for=\"form-field-email\" class=\"elementor-field-label elementor-screen-only\">City<\/label><textarea class=\"elementor-field-textual elementor-field  elementor-size-md\" name=\"form_fields[email]\" id=\"form-field-email\" rows=\"1\" placeholder=\"City\" required=\"required\" aria-required=\"true\"><\/textarea>\t\t\t\t<\/div>\n\t\t\t\t\t\t\t\t<div class=\"elementor-field-type-select elementor-field-group elementor-column elementor-field-group-field_7c1735a elementor-col-20\">\n\t\t\t\t\t<label for=\"form-field-field_7c1735a\" class=\"elementor-field-label elementor-screen-only\">state<\/label>\t\t<div class=\"elementor-field elementor-select-wrapper\">\n\t\t\t<select name=\"form_fields[field_7c1735a]\" id=\"form-field-field_7c1735a\" class=\"elementor-field-textual elementor-size-md\">\n\t\t\t\t<option value=\"AC\">B.C<\/option><option value=\"AL\">AL<\/option><option value=\"AP\">AP<\/option><option value=\"AM\">AM<\/option><option value=\"BA\">BA<\/option><option value=\"CE\">CE<\/option><option value=\"ES\">ES<\/option><option value=\"GO\">GO<\/option><option value=\"MA\">BAD<\/option><option value=\"MT\">MT<\/option><option value=\"MS\">MS<\/option><option value=\"MG\">MG<\/option><option value=\"PA\">PAN<\/option><option value=\"PB\">PB<\/option><option value=\"PR\">PR<\/option><option value=\"PE\">PE<\/option><option value=\"PI\">PI<\/option><option value=\"RJ\">RJ<\/option><option value=\"RN\">RN<\/option><option value=\"RS\">LOL<\/option><option value=\"RO\">RO<\/option><option value=\"RR\">RR<\/option><option value=\"SC\">SC<\/option><option value=\"SP\">SP<\/option><option value=\"SE\">SE<\/option><option value=\"TO\">TO<\/option><option value=\"DF\">DF<\/option><option value=\"\"><\/option>\t\t\t<\/select>\n\t\t<\/div>\n\t\t\t\t\t\t<\/div>\n\t\t\t\t\t\t\t\t<div class=\"elementor-field-type-text elementor-field-group elementor-column elementor-field-group-field_bca4c20 elementor-col-100 elementor-field-required\">\n\t\t\t\t\t<label for=\"form-field-field_bca4c20\" class=\"elementor-field-label elementor-screen-only\">CNPJ<\/label><input size=\"1\" type=\"text\" name=\"form_fields[field_bca4c20]\" id=\"form-field-field_bca4c20\" class=\"elementor-field elementor-size-md  elementor-field-textual\" placeholder=\"CNPJ\" required=\"required\" aria-required=\"true\">\t\t\t\t<\/div>\n\t\t\t\t\t\t\t\t<div class=\"elementor-field-type-number elementor-field-group elementor-column elementor-field-group-field_2454d85 elementor-col-20 elementor-field-required\">\n\t\t\t\t\t<label for=\"form-field-field_2454d85\" class=\"elementor-field-label elementor-screen-only\">DDD<\/label><input type=\"number\" name=\"form_fields[field_2454d85]\" id=\"form-field-field_2454d85\" class=\"elementor-field elementor-size-md  elementor-field-textual\" placeholder=\"DDD\" required=\"required\" aria-required=\"true\" min=\"\" max=\"99\">\t\t\t\t<\/div>\n\t\t\t\t\t\t\t\t<div class=\"elementor-field-type-tel elementor-field-group elementor-column elementor-field-group-message elementor-col-33 elementor-field-required\">\n\t\t\t\t\t<label for=\"form-field-message\" class=\"elementor-field-label elementor-screen-only\">telephone<\/label><input size=\"1\" type=\"tel\" name=\"form_fields[message]\" id=\"form-field-message\" class=\"elementor-field elementor-size-md  elementor-field-textual\" placeholder=\"telephone\" required=\"required\" aria-required=\"true\" pattern=\"[0-9()#&amp;+*-=.]+\" title=\"Only numbers and phone characters (#, -, *, etc) are accepted.\">\t\t\t\t<\/div>\n\t\t\t\t\t\t\t\t<div class=\"elementor-field-type-url elementor-field-group elementor-column elementor-field-group-field_f23934b elementor-col-100\">\n\t\t\t\t\t<label for=\"form-field-field_f23934b\" class=\"elementor-field-label elementor-screen-only\">site<\/label><input size=\"1\" type=\"url\" name=\"form_fields[field_f23934b]\" id=\"form-field-field_f23934b\" class=\"elementor-field elementor-size-md  elementor-field-textual\" placeholder=\"site\">\t\t\t\t<\/div>\n\t\t\t\t\t\t\t\t<div class=\"elementor-field-type-email elementor-field-group elementor-column elementor-field-group-field_88125af elementor-col-100 elementor-field-required\">\n\t\t\t\t\t<label for=\"form-field-field_88125af\" class=\"elementor-field-label elementor-screen-only\">Email<\/label><input size=\"1\" type=\"email\" name=\"form_fields[field_88125af]\" id=\"form-field-field_88125af\" class=\"elementor-field elementor-size-md  elementor-field-textual\" placeholder=\"Email\" required=\"required\" aria-required=\"true\">\t\t\t\t<\/div>\n\t\t\t\t\t\t\t\t<div class=\"elementor-field-group elementor-column elementor-field-type-submit elementor-col-100 e-form__buttons\">\n\t\t\t\t\t<button type=\"submit\" class=\"elementor-button elementor-size-md\">\n\t\t\t\t\t\t<span >\n\t\t\t\t\t\t\t\t\t\t\t\t\t\t\t<span class=\"elementor-align-icon-left elementor-button-icon\">\n\t\t\t\t\t\t\t\t\t<i aria-hidden=\"true\" class=\"fas fa-mail-bulk\"><\/i>\t\t\t\t\t\t\t\t\t\t\t\t\t\t\t\t\t<\/span>\n\t\t\t\t\t\t\t\t\t\t\t\t\t\t\t\t\t\t\t\t\t\t<span class=\"elementor-button-text\">Submit<\/span>\n\t\t\t\t\t\t\t\t\t\t\t\t\t<\/span>\n\t\t\t\t\t<\/button>\n\t\t\t\t<\/div>\n\t\t\t<\/div>\n\t\t<input type=\"hidden\" name=\"trp-form-language\" value=\"en\"\/><\/form>\n\t\t\t\t\t\t<\/div>\n\t\t\t\t<\/div>\n\t\t\t\t<\/div>\n\t\t<\/p><\/div>\n\t\t\t\t\t\t\t<\/div>\n\t\t<\/div>\n\t\t\t\t\t\t<\/div>\n\t\t\t\t<\/div>\n\t\t\t\t\t<\/div>\n\t\t<\/div>\n\t\t\t\t\t<\/div>\n\t\t<\/section>\n\t\t\t\t\t<\/div>\n\t\t<\/div>\n\t\t\t\t\t<\/div>\n\t\t<\/section>\n\t\t\t\t<\/div>","protected":false},"excerpt":{"rendered":"<p>ASSOCIADO Obrigado(a) pelo seu interesse em se associar ao Instituto Naw\u00e1! Este cadastro \u00e9 gratuito e atrav\u00e9s dessa inscri\u00e7\u00e3o voc\u00ea receber\u00e1 informa\u00e7\u00f5es privilegiadas sobre eventos relacionados ao Instituto Naw\u00e1, como semin\u00e1rios, peti\u00e7\u00f5es, entre outros. At\u00e9 breve!Equipe Instituto Naw\u00e1 PESSOA F\u00cdSICA PESSOA JUR\u00cdDICA PESSOA F\u00cdSICA Nome Data de Nascimento: Data de Nascimento DDD Telefone Email Cidade [&hellip;]<\/p>","protected":false},"author":3,"featured_media":0,"parent":0,"menu_order":0,"comment_status":"closed","ping_status":"closed","template":"elementor_header_footer","meta":{"footnotes":""},"class_list":["post-3415","page","type-page","status-publish","hentry"],"jetpack_sharing_enabled":true,"_links":{"self":[{"href":"https:\/\/institutonawa.org\/en\/wp-json\/wp\/v2\/pages\/3415","targetHints":{"allow":["GET"]}}],"collection":[{"href":"https:\/\/institutonawa.org\/en\/wp-json\/wp\/v2\/pages"}],"about":[{"href":"https:\/\/institutonawa.org\/en\/wp-json\/wp\/v2\/types\/page"}],"author":[{"embeddable":true,"href":"https:\/\/institutonawa.org\/en\/wp-json\/wp\/v2\/users\/3"}],"replies":[{"embeddable":true,"href":"https:\/\/institutonawa.org\/en\/wp-json\/wp\/v2\/comments?post=3415"}],"version-history":[{"count":11,"href":"https:\/\/institutonawa.org\/en\/wp-json\/wp\/v2\/pages\/3415\/revisions"}],"predecessor-version":[{"id":3461,"href":"https:\/\/institutonawa.org\/en\/wp-json\/wp\/v2\/pages\/3415\/revisions\/3461"}],"wp:attachment":[{"href":"https:\/\/institutonawa.org\/en\/wp-json\/wp\/v2\/media?parent=3415"}],"curies":[{"name":"wp","href":"https:\/\/api.w.org\/{rel}","templated":true}]}}