{"id":230,"date":"2020-06-21T05:12:18","date_gmt":"2020-06-21T05:12:18","guid":{"rendered":"https:\/\/institutonawa.org\/?page_id=230"},"modified":"2020-10-09T22:34:11","modified_gmt":"2020-10-10T01:34:11","slug":"contato","status":"publish","type":"page","link":"https:\/\/institutonawa.org\/en\/contato\/","title":{"rendered":"Contact"},"content":{"rendered":"<div data-elementor-type=\"wp-page\" data-elementor-id=\"230\" class=\"elementor elementor-230\">\n\t\t\t\t\t\t<section class=\"elementor-section elementor-top-section elementor-element elementor-element-2ae78df8 elementor-section-height-min-height elementor-section-content-bottom elementor-section-stretched elementor-section-full_width elementor-section-items-bottom elementor-section-height-default\" data-id=\"2ae78df8\" data-element_type=\"section\" id=\"top\" data-settings=\"{&quot;background_background&quot;:&quot;classic&quot;,&quot;animation_mobile&quot;:&quot;none&quot;,&quot;stretch_section&quot;:&quot;section-stretched&quot;}\">\n\t\t\t\t\t\t\t<div class=\"elementor-background-overlay\"><\/div>\n\t\t\t\t\t\t\t<div class=\"elementor-container elementor-column-gap-default\">\n\t\t\t\t\t<div class=\"elementor-column elementor-col-100 elementor-top-column elementor-element elementor-element-12eb9c7f\" data-id=\"12eb9c7f\" data-element_type=\"column\">\n\t\t\t<div class=\"elementor-widget-wrap elementor-element-populated\">\n\t\t\t\t\t\t<div class=\"elementor-element elementor-element-2ad669c4 elementor-widget elementor-widget-heading\" data-id=\"2ad669c4\" data-element_type=\"widget\" data-widget_type=\"heading.default\">\n\t\t\t\t<div class=\"elementor-widget-container\">\n\t\t\t\t\t<h2 class=\"elementor-heading-title elementor-size-default\">CONTACT<\/h2>\t\t\t\t<\/div>\n\t\t\t\t<\/div>\n\t\t\t\t\t<\/div>\n\t\t<\/div>\n\t\t\t\t\t<\/div>\n\t\t<\/section>\n\t\t\t\t<section class=\"elementor-section elementor-top-section elementor-element elementor-element-709bfc3f elementor-section-boxed elementor-section-height-default elementor-section-height-default\" data-id=\"709bfc3f\" data-element_type=\"section\" data-settings=\"{&quot;background_background&quot;:&quot;classic&quot;}\">\n\t\t\t\t\t\t<div class=\"elementor-container elementor-column-gap-default\">\n\t\t\t\t\t<div class=\"elementor-column elementor-col-100 elementor-top-column elementor-element elementor-element-282e59ac\" data-id=\"282e59ac\" data-element_type=\"column\">\n\t\t\t<div class=\"elementor-widget-wrap elementor-element-populated\">\n\t\t\t\t\t\t<div class=\"elementor-element elementor-element-6831709 elementor-hidden-phone elementor-widget elementor-widget-image\" data-id=\"6831709\" data-element_type=\"widget\" data-widget_type=\"image.default\">\n\t\t\t\t<div class=\"elementor-widget-container\">\n\t\t\t\t\t\t\t\t\t\t\t\t\t\t\t<img fetchpriority=\"high\" decoding=\"async\" width=\"4164\" height=\"129\" src=\"https:\/\/i0.wp.com\/institutonawa.org\/wp-content\/uploads\/2020\/08\/grafismo-02.png?fit=4164%2C129&amp;ssl=1\" class=\"attachment-full size-full wp-image-1295\" alt=\"\" srcset=\"https:\/\/i0.wp.com\/institutonawa.org\/wp-content\/uploads\/2020\/08\/grafismo-02.png?w=4164&amp;ssl=1 4164w, https:\/\/i0.wp.com\/institutonawa.org\/wp-content\/uploads\/2020\/08\/grafismo-02.png?resize=600%2C19&amp;ssl=1 600w, https:\/\/i0.wp.com\/institutonawa.org\/wp-content\/uploads\/2020\/08\/grafismo-02.png?resize=300%2C9&amp;ssl=1 300w, https:\/\/i0.wp.com\/institutonawa.org\/wp-content\/uploads\/2020\/08\/grafismo-02.png?resize=1024%2C32&amp;ssl=1 1024w, https:\/\/i0.wp.com\/institutonawa.org\/wp-content\/uploads\/2020\/08\/grafismo-02.png?resize=768%2C24&amp;ssl=1 768w, https:\/\/i0.wp.com\/institutonawa.org\/wp-content\/uploads\/2020\/08\/grafismo-02.png?resize=1536%2C48&amp;ssl=1 1536w, https:\/\/i0.wp.com\/institutonawa.org\/wp-content\/uploads\/2020\/08\/grafismo-02.png?resize=2048%2C63&amp;ssl=1 2048w, https:\/\/i0.wp.com\/institutonawa.org\/wp-content\/uploads\/2020\/08\/grafismo-02.png?w=1600&amp;ssl=1 1600w, https:\/\/i0.wp.com\/institutonawa.org\/wp-content\/uploads\/2020\/08\/grafismo-02.png?w=2400&amp;ssl=1 2400w\" sizes=\"(max-width: 800px) 100vw, 800px\" \/>\t\t\t\t\t\t\t\t\t\t\t\t\t\t\t<\/div>\n\t\t\t\t<\/div>\n\t\t\t\t<div class=\"elementor-element elementor-element-b5171ff elementor-hidden-desktop elementor-hidden-tablet elementor-widget elementor-widget-image\" data-id=\"b5171ff\" data-element_type=\"widget\" data-widget_type=\"image.default\">\n\t\t\t\t<div class=\"elementor-widget-container\">\n\t\t\t\t\t\t\t\t\t\t\t\t\t\t\t<img decoding=\"async\" width=\"3487\" height=\"217\" src=\"https:\/\/i0.wp.com\/institutonawa.org\/wp-content\/uploads\/2020\/08\/grafismo-00.png?fit=3487%2C217&amp;ssl=1\" class=\"attachment-full size-full wp-image-1281\" alt=\"\" srcset=\"https:\/\/i0.wp.com\/institutonawa.org\/wp-content\/uploads\/2020\/08\/grafismo-00.png?w=3487&amp;ssl=1 3487w, https:\/\/i0.wp.com\/institutonawa.org\/wp-content\/uploads\/2020\/08\/grafismo-00.png?resize=600%2C37&amp;ssl=1 600w, https:\/\/i0.wp.com\/institutonawa.org\/wp-content\/uploads\/2020\/08\/grafismo-00.png?resize=300%2C19&amp;ssl=1 300w, https:\/\/i0.wp.com\/institutonawa.org\/wp-content\/uploads\/2020\/08\/grafismo-00.png?resize=1024%2C64&amp;ssl=1 1024w, https:\/\/i0.wp.com\/institutonawa.org\/wp-content\/uploads\/2020\/08\/grafismo-00.png?resize=768%2C48&amp;ssl=1 768w, https:\/\/i0.wp.com\/institutonawa.org\/wp-content\/uploads\/2020\/08\/grafismo-00.png?resize=1536%2C96&amp;ssl=1 1536w, https:\/\/i0.wp.com\/institutonawa.org\/wp-content\/uploads\/2020\/08\/grafismo-00.png?resize=2048%2C127&amp;ssl=1 2048w, https:\/\/i0.wp.com\/institutonawa.org\/wp-content\/uploads\/2020\/08\/grafismo-00.png?w=1600&amp;ssl=1 1600w, https:\/\/i0.wp.com\/institutonawa.org\/wp-content\/uploads\/2020\/08\/grafismo-00.png?w=2400&amp;ssl=1 2400w\" sizes=\"(max-width: 800px) 100vw, 800px\" \/>\t\t\t\t\t\t\t\t\t\t\t\t\t\t\t<\/div>\n\t\t\t\t<\/div>\n\t\t\t\t\t<\/div>\n\t\t<\/div>\n\t\t\t\t\t<\/div>\n\t\t<\/section>\n\t\t\t\t<section class=\"elementor-section elementor-top-section elementor-element elementor-element-b73174a elementor-section-boxed elementor-section-height-default elementor-section-height-default\" data-id=\"b73174a\" data-element_type=\"section\">\n\t\t\t\t\t\t<div class=\"elementor-container elementor-column-gap-default\">\n\t\t\t\t\t<div class=\"elementor-column elementor-col-100 elementor-top-column elementor-element elementor-element-06b983a\" data-id=\"06b983a\" data-element_type=\"column\">\n\t\t\t<div class=\"elementor-widget-wrap elementor-element-populated\">\n\t\t\t\t\t\t<section class=\"elementor-section elementor-inner-section elementor-element elementor-element-e46bd5f elementor-section-boxed elementor-section-height-default elementor-section-height-default\" data-id=\"e46bd5f\" data-element_type=\"section\">\n\t\t\t\t\t\t<div class=\"elementor-container elementor-column-gap-default\">\n\t\t\t\t\t<div class=\"elementor-column elementor-col-100 elementor-inner-column elementor-element elementor-element-a22198c\" data-id=\"a22198c\" data-element_type=\"column\">\n\t\t\t<div class=\"elementor-widget-wrap elementor-element-populated\">\n\t\t\t\t\t\t<div class=\"elementor-element elementor-element-1ca7f53 elementor-widget elementor-widget-heading\" data-id=\"1ca7f53\" data-element_type=\"widget\" data-widget_type=\"heading.default\">\n\t\t\t\t<div class=\"elementor-widget-container\">\n\t\t\t\t\t<h2 class=\"elementor-heading-title elementor-size-default\">Thank you for your interest in being part of the Naw\u00e1 Institute!<\/h2>\t\t\t\t<\/div>\n\t\t\t\t<\/div>\n\t\t\t\t\t<\/div>\n\t\t<\/div>\n\t\t\t\t\t<\/div>\n\t\t<\/section>\n\t\t\t\t<section class=\"elementor-section elementor-inner-section elementor-element elementor-element-7de1e03 elementor-section-boxed elementor-section-height-default elementor-section-height-default\" data-id=\"7de1e03\" data-element_type=\"section\">\n\t\t\t\t\t\t<div class=\"elementor-container elementor-column-gap-default\">\n\t\t\t\t\t<div class=\"elementor-column elementor-col-50 elementor-inner-column elementor-element elementor-element-ace1d5d\" data-id=\"ace1d5d\" data-element_type=\"column\">\n\t\t\t<div class=\"elementor-widget-wrap elementor-element-populated\">\n\t\t\t\t\t\t<div class=\"elementor-element elementor-element-0869bb3 elementor-widget elementor-widget-text-editor\" data-id=\"0869bb3\" data-element_type=\"widget\" data-widget_type=\"text-editor.default\">\n\t\t\t\t<div class=\"elementor-widget-container\">\n\t\t\t\t\t\t\t\t\t<p>The world is changing and we are all looking for new ways to reinvent ourselves.<\/p><p>Many are proposing to try new jobs and new ways of working in search of a more meaningful life.<\/p><p>Here at Naw\u00e1 we believe that you or your company can bring together what you do best to what is good for everyone, thus discovering new ways to act with your talents.<\/p><p>If environmental preservation and indigenous causes speak to your heart, we would like to get to know you better.<\/p><p>By filling out the form on the side, you authorize us to contact you to schedule a chat.<\/p>\t\t\t\t\t\t\t\t<\/div>\n\t\t\t\t<\/div>\n\t\t\t\t<div class=\"elementor-element elementor-element-e178795 elementor-widget elementor-widget-text-editor\" data-id=\"e178795\" data-element_type=\"widget\" data-widget_type=\"text-editor.default\">\n\t\t\t\t<div class=\"elementor-widget-container\">\n\t\t\t\t\t\t\t\t\t<p><strong>See you later!<\/strong><br \/><strong>Naw\u00e1 Institute Team<\/strong><\/p>\t\t\t\t\t\t\t\t<\/div>\n\t\t\t\t<\/div>\n\t\t\t\t\t<\/div>\n\t\t<\/div>\n\t\t\t\t<div class=\"elementor-column elementor-col-50 elementor-inner-column elementor-element elementor-element-3848f8f\" data-id=\"3848f8f\" data-element_type=\"column\" data-settings=\"{&quot;background_background&quot;:&quot;classic&quot;}\">\n\t\t\t<div class=\"elementor-widget-wrap elementor-element-populated\">\n\t\t\t\t\t\t<div class=\"elementor-element elementor-element-4dcb3ad elementor-button-align-center elementor-widget elementor-widget-form\" data-id=\"4dcb3ad\" data-element_type=\"widget\" data-settings=\"{&quot;step_next_label&quot;:&quot;Next&quot;,&quot;step_previous_label&quot;:&quot;Previous&quot;,&quot;button_width&quot;:&quot;100&quot;,&quot;step_type&quot;:&quot;number_text&quot;,&quot;step_icon_shape&quot;:&quot;circle&quot;}\" data-widget_type=\"form.default\">\n\t\t\t\t<div class=\"elementor-widget-container\">\n\t\t\t\t\t\t\t<form class=\"elementor-form\" method=\"post\" name=\"New Form\" action=\"\">\n\t\t\t<input type=\"hidden\" name=\"post_id\" value=\"230\"\/>\n\t\t\t<input type=\"hidden\" name=\"form_id\" value=\"4dcb3ad\"\/>\n\n\t\t\t\n\t\t\t<div class=\"elementor-form-fields-wrapper elementor-labels-\">\n\t\t\t\t\t\t\t\t<div class=\"elementor-field-type-text elementor-field-group elementor-column elementor-field-group-field_21929f3 elementor-col-100 elementor-field-required\">\n\t\t\t\t\t<label for=\"form-field-field_21929f3\" class=\"elementor-field-label elementor-screen-only\">Name<\/label><input size=\"1\" type=\"text\" name=\"form_fields[field_21929f3]\" id=\"form-field-field_21929f3\" class=\"elementor-field elementor-size-md  elementor-field-textual\" placeholder=\"Name\" required=\"required\" aria-required=\"true\">\t\t\t\t<\/div>\n\t\t\t\t\t\t\t\t<div class=\"elementor-field-type-html elementor-field-group elementor-column elementor-field-group-field_1d8fbc6 elementor-col-20\">\n\t\t\t\t\t<h6 style=\"color: #000;\">Date of birth:<\/h6>\t\t\t\t<\/div>\n\t\t\t\t\t\t\t\t<div class=\"elementor-field-type-date elementor-field-group elementor-column elementor-field-group-name elementor-col-25\">\n\t\t\t\t\t<label for=\"form-field-name\" class=\"elementor-field-label elementor-screen-only\">Date of birth<\/label><input type=\"date\" name=\"form_fields[name]\" id=\"form-field-name\" class=\"elementor-field elementor-size-md  elementor-field-textual elementor-date-field elementor-use-native\" placeholder=\"Date of birth\" pattern=\"[0-9]{4}-[0-9]{2}-[0-9]{2}\">\t\t\t\t<\/div>\n\t\t\t\t\t\t\t\t<div class=\"elementor-field-type-number elementor-field-group elementor-column elementor-field-group-field_2454d85 elementor-col-20 elementor-field-required\">\n\t\t\t\t\t<label for=\"form-field-field_2454d85\" class=\"elementor-field-label elementor-screen-only\">DDD<\/label><input type=\"number\" name=\"form_fields[field_2454d85]\" id=\"form-field-field_2454d85\" class=\"elementor-field elementor-size-md  elementor-field-textual\" placeholder=\"DDD\" required=\"required\" aria-required=\"true\" min=\"\" max=\"99\">\t\t\t\t<\/div>\n\t\t\t\t\t\t\t\t<div class=\"elementor-field-type-number elementor-field-group elementor-column elementor-field-group-message elementor-col-33 elementor-field-required\">\n\t\t\t\t\t<label for=\"form-field-message\" class=\"elementor-field-label elementor-screen-only\">telephone<\/label><input type=\"number\" name=\"form_fields[message]\" id=\"form-field-message\" class=\"elementor-field elementor-size-md  elementor-field-textual\" placeholder=\"telephone\" required=\"required\" aria-required=\"true\" min=\"\" max=\"\">\t\t\t\t<\/div>\n\t\t\t\t\t\t\t\t<div class=\"elementor-field-type-email elementor-field-group elementor-column elementor-field-group-email elementor-col-100 elementor-field-required\">\n\t\t\t\t\t<label for=\"form-field-email\" class=\"elementor-field-label elementor-screen-only\">Email<\/label><input size=\"1\" type=\"email\" name=\"form_fields[email]\" id=\"form-field-email\" class=\"elementor-field elementor-size-md  elementor-field-textual\" placeholder=\"Email\" required=\"required\" aria-required=\"true\">\t\t\t\t<\/div>\n\t\t\t\t\t\t\t\t<div class=\"elementor-field-type-html elementor-field-group elementor-column elementor-field-group-field_faa35be elementor-col-100\">\n\t\t\t\t\t<p><\/p>\t\t\t\t<\/div>\n\t\t\t\t\t\t\t\t<div class=\"elementor-field-type-html elementor-field-group elementor-column elementor-field-group-field_7b10dad elementor-col-100\">\n\t\t\t\t\tSocial Media (fill in your username only):\t\t\t\t<\/div>\n\t\t\t\t\t\t\t\t<div class=\"elementor-field-type-text elementor-field-group elementor-column elementor-field-group-field_7121961 elementor-col-100\">\n\t\t\t\t\t<label for=\"form-field-field_7121961\" class=\"elementor-field-label elementor-screen-only\">Instagram<\/label><input size=\"1\" type=\"text\" name=\"form_fields[field_7121961]\" id=\"form-field-field_7121961\" class=\"elementor-field elementor-size-md  elementor-field-textual\" placeholder=\"https:\/\/instagram.com\/\">\t\t\t\t<\/div>\n\t\t\t\t\t\t\t\t<div class=\"elementor-field-type-text elementor-field-group elementor-column elementor-field-group-field_acc0f94 elementor-col-100\">\n\t\t\t\t\t<label for=\"form-field-field_acc0f94\" class=\"elementor-field-label elementor-screen-only\">Facebook<\/label><input size=\"1\" type=\"text\" name=\"form_fields[field_acc0f94]\" id=\"form-field-field_acc0f94\" class=\"elementor-field elementor-size-md  elementor-field-textual\" placeholder=\"https:\/\/facebook.com\/\">\t\t\t\t<\/div>\n\t\t\t\t\t\t\t\t<div class=\"elementor-field-type-text elementor-field-group elementor-column elementor-field-group-field_bd8738c elementor-col-100\">\n\t\t\t\t\t<label for=\"form-field-field_bd8738c\" class=\"elementor-field-label elementor-screen-only\">YouTube<\/label><input size=\"1\" type=\"text\" name=\"form_fields[field_bd8738c]\" id=\"form-field-field_bd8738c\" class=\"elementor-field elementor-size-md  elementor-field-textual\" placeholder=\"https:\/\/www.youtube.com\/\">\t\t\t\t<\/div>\n\t\t\t\t\t\t\t\t<div class=\"elementor-field-type-text elementor-field-group elementor-column elementor-field-group-field_ccb227b elementor-col-100\">\n\t\t\t\t\t<label for=\"form-field-field_ccb227b\" class=\"elementor-field-label elementor-screen-only\">LinkedIn<\/label><input size=\"1\" type=\"text\" name=\"form_fields[field_ccb227b]\" id=\"form-field-field_ccb227b\" class=\"elementor-field elementor-size-md  elementor-field-textual\" placeholder=\"https:\/\/www.linkedin.com\/in\/\">\t\t\t\t<\/div>\n\t\t\t\t\t\t\t\t<div class=\"elementor-field-type-text elementor-field-group elementor-column elementor-field-group-field_4c4e007 elementor-col-100\">\n\t\t\t\t\t<label for=\"form-field-field_4c4e007\" class=\"elementor-field-label elementor-screen-only\">Twitter<\/label><input size=\"1\" type=\"text\" name=\"form_fields[field_4c4e007]\" id=\"form-field-field_4c4e007\" class=\"elementor-field elementor-size-md  elementor-field-textual\" placeholder=\"https:\/\/twitter.com\/\">\t\t\t\t<\/div>\n\t\t\t\t\t\t\t\t<div class=\"elementor-field-type-html elementor-field-group elementor-column elementor-field-group-field_04f6729 elementor-col-100\">\n\t\t\t\t\t<p><\/p>\t\t\t\t<\/div>\n\t\t\t\t\t\t\t\t<div class=\"elementor-field-type-html elementor-field-group elementor-column elementor-field-group-field_d24e6f2 elementor-col-100\">\n\t\t\t\t\tReason for contact:\t\t\t\t<\/div>\n\t\t\t\t\t\t\t\t<div class=\"elementor-field-type-radio elementor-field-group elementor-column elementor-field-group-field_9323d21 elementor-col-100 elementor-field-required\">\n\t\t\t\t\t<label for=\"form-field-field_9323d21\" class=\"elementor-field-label elementor-screen-only\">Contact<\/label><div class=\"elementor-field-subgroup  elementor-subgroup-inline\"><span class=\"elementor-field-option\"><input type=\"radio\" value=\"Doador\" id=\"form-field-field_9323d21-0\" name=\"form_fields[field_9323d21]\" required=\"required\" aria-required=\"true\"> <label for=\"form-field-field_9323d21-0\">Donor<\/label><\/span><span class=\"elementor-field-option\"><input type=\"radio\" value=\"Voluntario\" id=\"form-field-field_9323d21-1\" name=\"form_fields[field_9323d21]\" required=\"required\" aria-required=\"true\"> <label for=\"form-field-field_9323d21-1\">Voluntary<\/label><\/span><span class=\"elementor-field-option\"><input type=\"radio\" value=\"Parceiro\" id=\"form-field-field_9323d21-2\" name=\"form_fields[field_9323d21]\" required=\"required\" aria-required=\"true\"> <label for=\"form-field-field_9323d21-2\">Partner<\/label><\/span><span class=\"elementor-field-option\"><input type=\"radio\" value=\"Outros\" id=\"form-field-field_9323d21-3\" name=\"form_fields[field_9323d21]\" required=\"required\" aria-required=\"true\"> <label for=\"form-field-field_9323d21-3\">Others<\/label><\/span><\/div>\t\t\t\t<\/div>\n\t\t\t\t\t\t\t\t<div class=\"elementor-field-type-textarea elementor-field-group elementor-column elementor-field-group-field_5fe2c5b elementor-col-100 elementor-field-required\">\n\t\t\t\t\t<label for=\"form-field-field_5fe2c5b\" class=\"elementor-field-label elementor-screen-only\">Tell us a little about yourself<\/label><textarea class=\"elementor-field-textual elementor-field  elementor-size-md\" name=\"form_fields[field_5fe2c5b]\" id=\"form-field-field_5fe2c5b\" rows=\"4\" placeholder=\"Tell us a little about yourself!\" required=\"required\" aria-required=\"true\"><\/textarea>\t\t\t\t<\/div>\n\t\t\t\t\t\t\t\t<div class=\"elementor-field-group elementor-column elementor-field-type-submit elementor-col-100 e-form__buttons\">\n\t\t\t\t\t<button type=\"submit\" class=\"elementor-button elementor-size-md\">\n\t\t\t\t\t\t<span >\n\t\t\t\t\t\t\t\t\t\t\t\t\t\t\t<span class=\"elementor-align-icon-left elementor-button-icon\">\n\t\t\t\t\t\t\t\t\t<i aria-hidden=\"true\" class=\"fas fa-mail-bulk\"><\/i>\t\t\t\t\t\t\t\t\t\t\t\t\t\t\t\t\t<\/span>\n\t\t\t\t\t\t\t\t\t\t\t\t\t\t\t\t\t\t\t\t\t\t<span class=\"elementor-button-text\">Submit<\/span>\n\t\t\t\t\t\t\t\t\t\t\t\t\t<\/span>\n\t\t\t\t\t<\/button>\n\t\t\t\t<\/div>\n\t\t\t<\/div>\n\t\t<input type=\"hidden\" name=\"trp-form-language\" value=\"en\"\/><\/form>\n\t\t\t\t\t\t<\/div>\n\t\t\t\t<\/div>\n\t\t\t\t\t<\/div>\n\t\t<\/div>\n\t\t\t\t\t<\/div>\n\t\t<\/section>\n\t\t\t\t\t<\/div>\n\t\t<\/div>\n\t\t\t\t\t<\/div>\n\t\t<\/section>\n\t\t\t\t<\/div>","protected":false},"excerpt":{"rendered":"<p>CONTATO Obrigado(a) pelo seu interesse em fazer parte do Instituto Naw\u00e1! O mundo est\u00e1 mudando e todos n\u00f3s estamos procurando novas formas de nos reinventarmos. Muitos est\u00e3o se propondo a experimentar novos trabalhos e novas formas de trabalhar em busca de uma vida mais repleta de significado. Aqui no Naw\u00e1 acreditamos que voc\u00ea ou sua [&hellip;]<\/p>","protected":false},"author":3,"featured_media":0,"parent":0,"menu_order":0,"comment_status":"closed","ping_status":"closed","template":"elementor_header_footer","meta":{"footnotes":""},"class_list":["post-230","page","type-page","status-publish","hentry"],"jetpack_sharing_enabled":true,"_links":{"self":[{"href":"https:\/\/institutonawa.org\/en\/wp-json\/wp\/v2\/pages\/230","targetHints":{"allow":["GET"]}}],"collection":[{"href":"https:\/\/institutonawa.org\/en\/wp-json\/wp\/v2\/pages"}],"about":[{"href":"https:\/\/institutonawa.org\/en\/wp-json\/wp\/v2\/types\/page"}],"author":[{"embeddable":true,"href":"https:\/\/institutonawa.org\/en\/wp-json\/wp\/v2\/users\/3"}],"replies":[{"embeddable":true,"href":"https:\/\/institutonawa.org\/en\/wp-json\/wp\/v2\/comments?post=230"}],"version-history":[{"count":114,"href":"https:\/\/institutonawa.org\/en\/wp-json\/wp\/v2\/pages\/230\/revisions"}],"predecessor-version":[{"id":3920,"href":"https:\/\/institutonawa.org\/en\/wp-json\/wp\/v2\/pages\/230\/revisions\/3920"}],"wp:attachment":[{"href":"https:\/\/institutonawa.org\/en\/wp-json\/wp\/v2\/media?parent=230"}],"curies":[{"name":"wp","href":"https:\/\/api.w.org\/{rel}","templated":true}]}}